{"id":9900,"date":"2023-09-05T18:55:43","date_gmt":"2023-09-05T17:55:43","guid":{"rendered":"http:\/\/cinema400coups.fr\/?page_id=9900"},"modified":"2025-12-05T19:32:58","modified_gmt":"2025-12-05T18:32:58","slug":"scolaires-documentations","status":"publish","type":"page","link":"https:\/\/cinema400coups.fr\/?page_id=9900","title":{"rendered":"Scolaires &#038; Documentations"},"content":{"rendered":"\n<p class=\"has-text-align-center\"><strong>Le cin\u00e9ma <\/strong><em><strong>Les 400 Coups<\/strong><\/em><strong> participe aux programmes : <\/strong><\/p>\n\n\n\n<div class=\"wp-block-columns has-3-columns is-layout-flex wp-container-core-columns-is-layout-9d6595d7 wp-block-columns-is-layout-flex\">\n<div class=\"wp-block-column is-layout-flow wp-block-column-is-layout-flow\">\n<div class=\"wp-block-buttons alignwide is-layout-flex wp-block-buttons-is-layout-flex\">\n<div class=\"wp-block-button is-style-outline is-style-outline--1\"><a class=\"wp-block-button__link wp-element-button\"><strong>Ecole &amp;<br>Maternelle<br>au cin\u00e9ma<\/strong><\/a><\/div>\n<\/div>\n<\/div>\n\n\n\n<div class=\"wp-block-column is-layout-flow wp-block-column-is-layout-flow\">\n<div class=\"wp-block-button is-style-outline is-style-outline--2\"><a class=\"wp-block-button__link wp-element-button\"><strong>Coll\u00e8ge <br>au cin\u00e9ma<\/strong><\/a><\/div>\n<\/div>\n\n\n\n<div class=\"wp-block-column is-layout-flow wp-block-column-is-layout-flow\">\n<div class=\"wp-block-button is-style-outline is-style-outline--3\"><a class=\"wp-block-button__link wp-element-button\"><strong>Lyc\u00e9e <br>au cin\u00e9ma<\/strong><\/a><\/div>\n<\/div>\n<\/div>\n\n\n<h1 style=\"text-align: left;\"><strong>Tarifs :<\/strong><\/h1>\n<ul>\n<li style=\"text-align: left;\"><strong>3,80 \u20ac<\/strong> par \u00e9l\u00e8ve pour <strong>les \u00e9coles maternelles et primaires<\/strong><\/li>\n<li><strong>4 \u20ac<\/strong> par \u00e9l\u00e8ve pour <strong>les coll\u00e8ges et lyc\u00e9es<\/strong><\/li>\n<li><strong>3 \u20ac<\/strong> par \u00e9l\u00e8ve si l&rsquo;\u00e9tablissement s&rsquo;engage sur le dispositif d&rsquo;\u00e9ducation \u00e0 l&rsquo;image<\/li>\n<li>\n<p>possibilit\u00e9 de r\u00e8glement par <strong>Pass&rsquo;Culture<\/strong> de la 6\u00e8me \u00e0 la terminale <strong>(hors dispositif<em> Coll\u00e8ge au Cin\u00e9ma<\/em>)<\/strong><\/p>\n<\/li>\n<\/ul>\n\n\n<hr class=\"wp-block-separator has-css-opacity\"\/>\n\n\n<p style=\"text-align: center;\">Pour toute demande de s\u00e9ance scolaire ponctuelle<\/p>\n<p style=\"text-align: center;\">veuillez contacter le cin\u00e9ma<\/p>\n\n\n<div class=\"wp-block-button aligncenter\"><a class=\"wp-block-button__link wp-element-button\" href=\"https:\/\/cinema400coups.fr\/?page_id=33\">CONTACT<\/a><\/div>\n\n\n\n<hr class=\"wp-block-separator has-css-opacity\"\/>\n\n\n\n<p class=\"has-text-align-center\"><strong>Vous pouvez aussi nous sugg\u00e9rer les titres de votre choix \u00e0 partir de 3 classes.<\/strong><\/p>\n\n\n\n<p class=\"has-text-align-center\">Veuillez nous consulter pour conna\u00eetre la liste des films disponibles.  <br>De nouveaux films sont r\u00e9guli\u00e8rement ajout\u00e9s.  <\/p>\n\n\n\n<hr class=\"wp-block-separator has-css-opacity\"\/>\n\n\n\n<h2 class=\"wp-block-heading\">Dossiers P\u00e9dagogiques : <\/h2>\n\n\n\n<p><strong>Cliquez sur le bouton ci-dessous pour voir la liste des dossiers p\u00e9dagogiques des films d\u00e9j\u00e0 disponibles<\/strong><\/p>\n\n\n\n<div class=\"wp-block-button aligncenter\"><a class=\"wp-block-button__link wp-element-button\" href=\"https:\/\/cinema400coups.fr\/?page_id=1738\">Dossiers P\u00e9dagogiques <\/a><\/div>\n\n\n\n<h4 class=\"wp-block-heading\"><\/h4>\n","protected":false},"excerpt":{"rendered":"<p>Le cin\u00e9ma Les 400 Coups participe aux programmes : Tarifs : 3,80 \u20ac par \u00e9l\u00e8ve pour les \u00e9coles maternelles et primaires 4 \u20ac par \u00e9l\u00e8ve pour les coll\u00e8ges et lyc\u00e9es 3 \u20ac par \u00e9l\u00e8ve si l&rsquo;\u00e9tablissement s&rsquo;engage sur le dispositif &hellip; <a href=\"https:\/\/cinema400coups.fr\/?page_id=9900\">Lire la suite\u00ad\u00ad<\/a><\/p>\n","protected":false},"author":1,"featured_media":0,"parent":0,"menu_order":0,"comment_status":"closed","ping_status":"closed","template":"","meta":{"footnotes":""},"class_list":["post-9900","page","type-page","status-publish","hentry"],"_links":{"self":[{"href":"https:\/\/cinema400coups.fr\/index.php?rest_route=\/wp\/v2\/pages\/9900","targetHints":{"allow":["GET"]}}],"collection":[{"href":"https:\/\/cinema400coups.fr\/index.php?rest_route=\/wp\/v2\/pages"}],"about":[{"href":"https:\/\/cinema400coups.fr\/index.php?rest_route=\/wp\/v2\/types\/page"}],"author":[{"embeddable":true,"href":"https:\/\/cinema400coups.fr\/index.php?rest_route=\/wp\/v2\/users\/1"}],"replies":[{"embeddable":true,"href":"https:\/\/cinema400coups.fr\/index.php?rest_route=%2Fwp%2Fv2%2Fcomments&post=9900"}],"version-history":[{"count":51,"href":"https:\/\/cinema400coups.fr\/index.php?rest_route=\/wp\/v2\/pages\/9900\/revisions"}],"predecessor-version":[{"id":15032,"href":"https:\/\/cinema400coups.fr\/index.php?rest_route=\/wp\/v2\/pages\/9900\/revisions\/15032"}],"wp:attachment":[{"href":"https:\/\/cinema400coups.fr\/index.php?rest_route=%2Fwp%2Fv2%2Fmedia&parent=9900"}],"curies":[{"name":"wp","href":"https:\/\/api.w.org\/{rel}","templated":true}]}}