{"id":9627,"date":"2023-07-29T14:15:04","date_gmt":"2023-07-29T13:15:04","guid":{"rendered":"http:\/\/cinema400coups.fr\/?page_id=9627"},"modified":"2024-01-02T16:45:56","modified_gmt":"2024-01-02T15:45:56","slug":"informations-pratiques","status":"publish","type":"page","link":"https:\/\/cinema400coups.fr\/?page_id=9627","title":{"rendered":"TARIFS"},"content":{"rendered":"\n<ul class=\"wp-block-list\"><li>Tarif Plein : <strong>7,80<\/strong>&nbsp;\u20ac<a href=\"https:\/\/cinema400coups.fr\/wp-content\/uploads\/2019\/02\/Id%C3%A9e-cadeau-a-l-italienne-page-001.jpg\"><\/a><\/li><li>Tarif R\u00e9duit :<strong> 6,80 \u20ac<\/strong> sur pr\u00e9sentation d\u2019un justificatif : <em>\u00e9tudiant(e), s\u00e9nior + 65 ans, PSH, demandeur(euse) d\u2019emploi, famille nombreuse<\/em> <br><\/li><li>Tarif unique \u00e0<strong> 5,50 \u20ac pour tous, le&nbsp;&nbsp;dimanche \u00e0 20h.<\/strong><\/li><li>Tarif Enfant \/ Jeune (-18 ans) : <strong>5 \u20ac<\/strong><\/li><li>OGR :&nbsp;<strong>6 \u20ac<\/strong> sur pr\u00e9sentation de la carte de membre<\/li><li>Suppl\u00e9ment de <strong>2 \u20ac<\/strong>&nbsp;pour les s\u00e9ances en 3D<strong>.<\/strong><\/li><\/ul>\n\n\n\n<hr class=\"wp-block-separator is-style-wide\"\/>\n\n\n\n<h2 class=\"wp-block-heading\"> Carte d\u2019abonnement :<\/h2>\n\n\n<p>Comprend <strong>10<\/strong> places (nombre fixe).<br>Co\u00fbte <strong>52\u20ac<\/strong> (+2\u20ac de frais d\u2019\u00e9mission de la carte) et <strong>peut se recharger<\/strong> une fois \u00e9puis\u00e9e.<br><strong>10 places valables 1 an \u00e0 partir de la date d\u2019achat<\/strong>, au cin\u00e9ma <strong>Les 400 coups <\/strong>ET au cin\u00e9ma<strong> La Passerelle <\/strong>\u00e0 Tr\u00e9voux.&nbsp;<\/p>\n<p><strong>Vous pouvez aussi offrir un abonnement ou une recharge d&rsquo;abonnement \u00e0 un tiers<\/strong>.<\/p>\n\n\n<hr class=\"wp-block-separator is-style-wide\"\/>\n\n\n\n<h2 class=\"wp-block-heading\">R\u00e9servation et pr\u00e9-achat :<\/h2>\n\n\n<p style=\"text-align: left;\">Pour r\u00e9server une ou plusieurs places en avance, vous pouvez <strong>pr\u00e9-acheter<\/strong> vos places :<\/p>\n<p style=\"text-align: center;\"><strong>au guichet du cin\u00e9ma <\/strong>hors s\u00e9ances<\/p>\n<p style=\"text-align: center;\"><strong>OU <\/strong><\/p>\n<p style=\"text-align: center;\"><strong>avec notre service en ligne<\/strong> un suivant le lien ci dessous :<\/p>\n\n\n<div class=\"wp-block-button aligncenter is-style-squared\"><a class=\"wp-block-button__link\" href=\"https:\/\/www.ticketingcine.fr\/index.php?lang=fr&amp;nc=0966\">ACHAT DE PLACE EN LIGNE<\/a><\/div>\n\n\n\n<p style=\"text-align:center\"><em>(vous pouvez r\u00e9glez en ligne avec une carte d&rsquo;abonnement en indiquant le code situ\u00e9 au dos sous le code barre) <\/em><\/p>\n\n\n\n<hr class=\"wp-block-separator\"\/>\n\n\n\n<h2 class=\"wp-block-heading\">Moyens de paiements accept\u00e9s :<\/h2>\n\n\n\n<ul class=\"wp-block-list\"><li>Carte Bancaire<\/li><li>Esp\u00e8ces<\/li><li>Ch\u00e8que<\/li><li><strong>ANCV<\/strong><\/li><li><strong>Pass R\u00e9gion&nbsp;<\/strong>+<strong>&nbsp;1\u20ac<\/strong><\/li><li><strong>OSC<\/strong> (Oeuvres Sociales du Cin\u00e9ma)<\/li><li><strong>Ticket<\/strong>&nbsp;<strong>Grac<\/strong>&nbsp;+<strong>&nbsp;1\u20ac30<\/strong>&nbsp;par ticket<\/li><li><strong>Cin\u00e9Ch\u00e8que<\/strong><\/li><li><strong>Pass culture<\/strong><\/li><\/ul>\n\n\n\n<ul class=\"wp-block-gallery columns-2 is-cropped wp-block-gallery-1 is-layout-flex wp-block-gallery-is-layout-flex\"><li class=\"blocks-gallery-item\"><figure><img decoding=\"async\" src=\"https:\/\/cinema400coups.fr\/wp-content\/uploads\/2015\/07\/pass-culture-1024x576.jpg\" alt=\"\" data-id=\"7495\" data-link=\"https:\/\/cinema400coups.fr\/?attachment_id=7495\" class=\"wp-image-7495\"\/><\/figure><\/li><li class=\"blocks-gallery-item\"><figure><img loading=\"lazy\" decoding=\"async\" width=\"1024\" height=\"649\" src=\"https:\/\/cinema400coups.fr\/wp-content\/uploads\/2019\/02\/Id\u00e9e-cadeau-a-l-italienne-page-001-1024x649.jpg\" alt=\"\" data-id=\"4718\" data-link=\"https:\/\/cinema400coups.fr\/?attachment_id=4718\" class=\"wp-image-4718\" srcset=\"https:\/\/cinema400coups.fr\/wp-content\/uploads\/2019\/02\/Id\u00e9e-cadeau-a-l-italienne-page-001-1024x649.jpg 1024w, https:\/\/cinema400coups.fr\/wp-content\/uploads\/2019\/02\/Id\u00e9e-cadeau-a-l-italienne-page-001-300x190.jpg 300w, https:\/\/cinema400coups.fr\/wp-content\/uploads\/2019\/02\/Id\u00e9e-cadeau-a-l-italienne-page-001-80x50.jpg 80w, https:\/\/cinema400coups.fr\/wp-content\/uploads\/2019\/02\/Id\u00e9e-cadeau-a-l-italienne-page-001.jpg 1754w\" sizes=\"auto, (max-width: 1024px) 100vw, 1024px\" \/><\/figure><\/li><\/ul>\n","protected":false},"excerpt":{"rendered":"<p>Tarif Plein : 7,80&nbsp;\u20ac Tarif R\u00e9duit : 6,80 \u20ac sur pr\u00e9sentation d\u2019un justificatif : \u00e9tudiant(e), s\u00e9nior + 65 ans, PSH, demandeur(euse) d\u2019emploi, famille nombreuse Tarif unique \u00e0 5,50 \u20ac pour tous, le&nbsp;&nbsp;dimanche \u00e0 20h. Tarif Enfant \/ Jeune (-18 ans) &hellip; <a href=\"https:\/\/cinema400coups.fr\/?page_id=9627\">Lire la suite\u00ad\u00ad<\/a><\/p>\n","protected":false},"author":1,"featured_media":0,"parent":0,"menu_order":0,"comment_status":"closed","ping_status":"closed","template":"","meta":{"footnotes":""},"class_list":["post-9627","page","type-page","status-publish","hentry"],"_links":{"self":[{"href":"https:\/\/cinema400coups.fr\/index.php?rest_route=\/wp\/v2\/pages\/9627","targetHints":{"allow":["GET"]}}],"collection":[{"href":"https:\/\/cinema400coups.fr\/index.php?rest_route=\/wp\/v2\/pages"}],"about":[{"href":"https:\/\/cinema400coups.fr\/index.php?rest_route=\/wp\/v2\/types\/page"}],"author":[{"embeddable":true,"href":"https:\/\/cinema400coups.fr\/index.php?rest_route=\/wp\/v2\/users\/1"}],"replies":[{"embeddable":true,"href":"https:\/\/cinema400coups.fr\/index.php?rest_route=%2Fwp%2Fv2%2Fcomments&post=9627"}],"version-history":[{"count":61,"href":"https:\/\/cinema400coups.fr\/index.php?rest_route=\/wp\/v2\/pages\/9627\/revisions"}],"predecessor-version":[{"id":11221,"href":"https:\/\/cinema400coups.fr\/index.php?rest_route=\/wp\/v2\/pages\/9627\/revisions\/11221"}],"wp:attachment":[{"href":"https:\/\/cinema400coups.fr\/index.php?rest_route=%2Fwp%2Fv2%2Fmedia&parent=9627"}],"curies":[{"name":"wp","href":"https:\/\/api.w.org\/{rel}","templated":true}]}}