{"id":842,"date":"2016-05-02T14:33:01","date_gmt":"2016-05-02T13:33:01","guid":{"rendered":"http:\/\/cinema400coups.fr\/?page_id=842"},"modified":"2026-05-07T18:46:28","modified_gmt":"2026-05-07T17:46:28","slug":"horraires","status":"publish","type":"page","link":"https:\/\/cinema400coups.fr\/?page_id=842","title":{"rendered":"Horaires"},"content":{"rendered":"\n<p class=\"has-black-color has-text-color has-link-color wp-elements-20722a16b438446f3ca76ef460058606\"><strong>Tous les films sont projet\u00e9s en version originale (VO) avec sous-titres fran\u00e7ais<\/strong>.<\/p>\n\n\n\n<p class=\"has-black-color has-text-color has-link-color wp-elements-f89a8848a3cb4ad577bb27a9bf6628fc\"><strong>Les films fran\u00e7ais ne sont pas sous-titr\u00e9s<\/strong>, \u00e0 l&rsquo;exception des s\u00e9ances avec la mention&nbsp;<em><strong>VFST<\/strong><\/em>&nbsp;<em>(version fran\u00e7aise sous-titr\u00e9)<\/em>&nbsp;qui incluent les sous-titres pour malentendants.<\/p>\n\n\n\n<p><strong>Les films Jeune Public sont projet\u00e9 en version fran\u00e7aise (VF)<\/strong>.<\/p>\n\n\n\n<p class=\"has-black-color has-text-color has-link-color wp-elements-bf7432a0f1e1550472ce577ca39ac6fd\">Les s\u00e9ances du&nbsp;<strong>dimanche soir<\/strong>&nbsp;sont au tarif de 5.5\u20ac pour toutes et tous.<\/p>\n\n\n\n<p class=\"has-black-color has-text-color has-link-color wp-elements-d092485e49a1e3f9192bd791e50702d4\">Les titres en&nbsp;<strong>couleur bleu<\/strong>&nbsp;indiquent les nouveaux films de la semaine dans notre cin\u00e9ma.<\/p>\n\n\n\n<p class=\"has-black-color has-text-color has-link-color wp-elements-87faafcc33a67fba67c3be59a680dd12\">La mention&nbsp;<strong>+CM<\/strong>&nbsp;indique qu&rsquo;un court m\u00e9trage pr\u00e9c\u00e8de le film (5min max).<\/p>\n\n\n\n<p class=\"has-black-color has-text-color has-link-color wp-elements-5c210663d20f770ada7b5c5a51b74faa\">Les s\u00e9ances avec la mention&nbsp;<strong>*<\/strong>&nbsp;indique la derni\u00e8re projection du film<\/p>\n\n\n\n<p class=\"has-black-color has-text-color has-link-color wp-elements-ddb220b67a7326335dbc35464133cda1\"><strong>Les s\u00e9ances Jeune Public suivies ou pr\u00e9c\u00e9d\u00e9es d&rsquo;une animation sont ouvertes \u00e0 toutes et tous<\/strong>, que vous participiez \u00e0 l&rsquo;animation ou pas.<\/p>\n\n\n\n<p class=\"has-text-align-left has-black-color has-text-color has-link-color wp-elements-88982991cfc64b630b1832e85a7d296e\"><strong>Pour les animations, il est parfois n\u00e9cessaire de r\u00e9server :<\/strong><\/p>\n\n\n<p>&#8211; Pour les cin\u00e9-go\u00fbter : pas de r\u00e9servation pr\u00e9alable (sauf groupe). Avant la s\u00e9ance, merci de nous pr\u00e9ciser si vous restez au go\u00fbter.<\/p>\n<p>&#8211; Pour les cin\u00e9-quiz en salle : pas de r\u00e9servation pr\u00e9alable (sauf cas particulier)<\/p>\n<p>&#8211; Pour les ateliers : r\u00e9servation indispensable car les places sont limit\u00e9es.<\/p>\n\n<div class=\"wp-block-image\">\n<figure class=\"aligncenter size-full\"><img loading=\"lazy\" decoding=\"async\" width=\"734\" height=\"546\" src=\"https:\/\/cinema400coups.fr\/wp-content\/uploads\/2026\/04\/grille-6-a-12-mai-26-1.jpg\" alt=\"\" class=\"wp-image-15799\" srcset=\"https:\/\/cinema400coups.fr\/wp-content\/uploads\/2026\/04\/grille-6-a-12-mai-26-1.jpg 734w, https:\/\/cinema400coups.fr\/wp-content\/uploads\/2026\/04\/grille-6-a-12-mai-26-1-300x223.jpg 300w\" sizes=\"auto, (max-width: 734px) 100vw, 734px\" \/><\/figure>\n<\/div>\n\n\n<hr class=\"wp-block-separator has-alpha-channel-opacity\"\/>\n\n\n\n<div class=\"wp-block-buttons is-content-justification-center is-layout-flex wp-container-core-buttons-is-layout-16018d1d wp-block-buttons-is-layout-flex\">\n<div class=\"wp-block-button\"><a class=\"wp-block-button__link wp-element-button\" href=\"https:\/\/cinema400coups.fr\/?page_id=47\">Voir le programme de la salle 1 RDC<\/a><\/div>\n<\/div>\n\n\n\n<hr class=\"wp-block-separator has-alpha-channel-opacity\"\/>\n\n\n<div class=\"wp-block-image\">\n<figure class=\"aligncenter size-full\"><img loading=\"lazy\" decoding=\"async\" width=\"734\" height=\"492\" src=\"https:\/\/cinema400coups.fr\/wp-content\/uploads\/2026\/04\/grille-13-a-19-mai-26-1.jpg\" alt=\"\" class=\"wp-image-15798\" srcset=\"https:\/\/cinema400coups.fr\/wp-content\/uploads\/2026\/04\/grille-13-a-19-mai-26-1.jpg 734w, https:\/\/cinema400coups.fr\/wp-content\/uploads\/2026\/04\/grille-13-a-19-mai-26-1-300x201.jpg 300w\" sizes=\"auto, (max-width: 734px) 100vw, 734px\" \/><\/figure>\n<\/div>\n\n<div class=\"wp-block-image\">\n<figure class=\"aligncenter size-full\"><img loading=\"lazy\" decoding=\"async\" width=\"734\" height=\"387\" src=\"https:\/\/cinema400coups.fr\/wp-content\/uploads\/2026\/04\/grille-20-a-26-mai-26-1.jpg\" alt=\"\" class=\"wp-image-15797\" srcset=\"https:\/\/cinema400coups.fr\/wp-content\/uploads\/2026\/04\/grille-20-a-26-mai-26-1.jpg 734w, https:\/\/cinema400coups.fr\/wp-content\/uploads\/2026\/04\/grille-20-a-26-mai-26-1-300x158.jpg 300w\" sizes=\"auto, (max-width: 734px) 100vw, 734px\" \/><\/figure>\n<\/div>","protected":false},"excerpt":{"rendered":"<p>Tous les films sont projet\u00e9s en version originale (VO) avec sous-titres fran\u00e7ais. Les films fran\u00e7ais ne sont pas sous-titr\u00e9s, \u00e0 l&rsquo;exception des s\u00e9ances avec la mention&nbsp;VFST&nbsp;(version fran\u00e7aise sous-titr\u00e9)&nbsp;qui incluent les sous-titres pour malentendants. Les films Jeune Public sont projet\u00e9 en &hellip; <a href=\"https:\/\/cinema400coups.fr\/?page_id=842\">Lire la suite\u00ad\u00ad<\/a><\/p>\n","protected":false},"author":1,"featured_media":0,"parent":0,"menu_order":0,"comment_status":"closed","ping_status":"open","template":"","meta":{"footnotes":""},"class_list":["post-842","page","type-page","status-publish","hentry"],"_links":{"self":[{"href":"https:\/\/cinema400coups.fr\/index.php?rest_route=\/wp\/v2\/pages\/842","targetHints":{"allow":["GET"]}}],"collection":[{"href":"https:\/\/cinema400coups.fr\/index.php?rest_route=\/wp\/v2\/pages"}],"about":[{"href":"https:\/\/cinema400coups.fr\/index.php?rest_route=\/wp\/v2\/types\/page"}],"author":[{"embeddable":true,"href":"https:\/\/cinema400coups.fr\/index.php?rest_route=\/wp\/v2\/users\/1"}],"replies":[{"embeddable":true,"href":"https:\/\/cinema400coups.fr\/index.php?rest_route=%2Fwp%2Fv2%2Fcomments&post=842"}],"version-history":[{"count":590,"href":"https:\/\/cinema400coups.fr\/index.php?rest_route=\/wp\/v2\/pages\/842\/revisions"}],"predecessor-version":[{"id":15843,"href":"https:\/\/cinema400coups.fr\/index.php?rest_route=\/wp\/v2\/pages\/842\/revisions\/15843"}],"wp:attachment":[{"href":"https:\/\/cinema400coups.fr\/index.php?rest_route=%2Fwp%2Fv2%2Fmedia&parent=842"}],"curies":[{"name":"wp","href":"https:\/\/api.w.org\/{rel}","templated":true}]}}