{"id":8070,"date":"2022-11-10T17:00:06","date_gmt":"2022-11-10T16:00:06","guid":{"rendered":"http:\/\/cinema400coups.fr\/?page_id=8070"},"modified":"2026-04-29T14:58:53","modified_gmt":"2026-04-29T13:58:53","slug":"prochainement","status":"publish","type":"page","link":"https:\/\/cinema400coups.fr\/?page_id=8070","title":{"rendered":"PROCHAINEMENT"},"content":{"rendered":"\n<h2 class=\"wp-block-heading\">Bient\u00f4t au programme en salle<\/h2>\n\n\n\n<figure class=\"wp-block-gallery has-nested-images columns-3 is-cropped wp-block-gallery-1 is-layout-flex wp-block-gallery-is-layout-flex\">\n<figure class=\"wp-block-image size-large\"><img loading=\"lazy\" decoding=\"async\" width=\"754\" height=\"1024\" data-id=\"15808\" src=\"https:\/\/cinema400coups.fr\/wp-content\/uploads\/2026\/04\/the-world-of-love-754x1024.jpg\" alt=\"\" class=\"wp-image-15808\"\/><\/figure>\n\n\n\n<figure class=\"wp-block-image size-large\"><img loading=\"lazy\" decoding=\"async\" width=\"768\" height=\"1024\" data-id=\"15518\" src=\"https:\/\/cinema400coups.fr\/wp-content\/uploads\/2026\/03\/nous-lorchestre-768x1024.jpg\" alt=\"\" class=\"wp-image-15518\"\/><\/figure>\n\n\n\n<figure class=\"wp-block-image size-large\"><img loading=\"lazy\" decoding=\"async\" width=\"768\" height=\"1024\" data-id=\"15810\" src=\"https:\/\/cinema400coups.fr\/wp-content\/uploads\/2026\/04\/une-jeunesse-indienne-768x1024.jpg\" alt=\"\" class=\"wp-image-15810\"\/><\/figure>\n\n\n\n<figure class=\"wp-block-image size-large\"><img loading=\"lazy\" decoding=\"async\" width=\"724\" height=\"1024\" data-id=\"15803\" src=\"https:\/\/cinema400coups.fr\/wp-content\/uploads\/2026\/04\/esprit-rebelle-724x1024.jpg\" alt=\"\" class=\"wp-image-15803\"\/><\/figure>\n\n\n\n<figure class=\"wp-block-image size-large\"><img loading=\"lazy\" decoding=\"async\" width=\"600\" height=\"815\" data-id=\"15809\" src=\"https:\/\/cinema400coups.fr\/wp-content\/uploads\/2026\/04\/la-venus-electrique-e1777470697315.jpg\" alt=\"\" class=\"wp-image-15809\"\/><\/figure>\n\n\n\n<figure class=\"wp-block-image size-large\"><img loading=\"lazy\" decoding=\"async\" width=\"752\" height=\"1024\" data-id=\"15804\" src=\"https:\/\/cinema400coups.fr\/wp-content\/uploads\/2026\/04\/Histoires-Paralleles-752x1024.jpg\" alt=\"\" class=\"wp-image-15804\"\/><\/figure>\n\n\n\n<figure class=\"wp-block-image size-large\"><img loading=\"lazy\" decoding=\"async\" width=\"768\" height=\"1024\" data-id=\"15805\" src=\"https:\/\/cinema400coups.fr\/wp-content\/uploads\/2026\/04\/letre-aime-768x1024.jpg\" alt=\"\" class=\"wp-image-15805\"\/><\/figure>\n\n\n\n<figure class=\"wp-block-image size-large\"><img loading=\"lazy\" decoding=\"async\" width=\"768\" height=\"1024\" data-id=\"15802\" src=\"https:\/\/cinema400coups.fr\/wp-content\/uploads\/2026\/04\/vive-le-sport-768x1024.jpg\" alt=\"\" class=\"wp-image-15802\"\/><\/figure>\n\n\n\n<figure class=\"wp-block-image size-large\"><img loading=\"lazy\" decoding=\"async\" width=\"768\" height=\"1024\" data-id=\"15807\" src=\"https:\/\/cinema400coups.fr\/wp-content\/uploads\/2026\/04\/autofiction-768x1024.jpg\" alt=\"\" class=\"wp-image-15807\"\/><\/figure>\n\n\n\n<figure class=\"wp-block-image size-large\"><img loading=\"lazy\" decoding=\"async\" width=\"768\" height=\"1024\" data-id=\"15801\" src=\"https:\/\/cinema400coups.fr\/wp-content\/uploads\/2026\/04\/lobjet-du-delit-768x1024.jpg\" alt=\"\" class=\"wp-image-15801\"\/><\/figure>\n\n\n\n<figure class=\"wp-block-image size-large\"><img loading=\"lazy\" decoding=\"async\" width=\"768\" height=\"1024\" data-id=\"15537\" src=\"https:\/\/cinema400coups.fr\/wp-content\/uploads\/2026\/03\/ce-quil-reste-de-nous-768x1024.jpg\" alt=\"\" class=\"wp-image-15537\"\/><\/figure>\n\n\n\n<figure class=\"wp-block-image size-large\"><img loading=\"lazy\" decoding=\"async\" width=\"752\" height=\"1024\" data-id=\"15521\" src=\"https:\/\/cinema400coups.fr\/wp-content\/uploads\/2026\/03\/laffaire-abdallah-752x1024.jpg\" alt=\"\" class=\"wp-image-15521\"\/><\/figure>\n<\/figure>\n\n\n\n<hr class=\"wp-block-separator has-alpha-channel-opacity\"\/>\n\n\n\n<h2 class=\"wp-block-heading\">En s\u00e9ance unique<\/h2>\n\n\n\n<figure class=\"wp-block-gallery has-nested-images columns-4 is-cropped wp-block-gallery-2 is-layout-flex wp-block-gallery-is-layout-flex\">\n<figure class=\"wp-block-image size-large\"><img loading=\"lazy\" decoding=\"async\" width=\"819\" height=\"1024\" data-id=\"15806\" src=\"https:\/\/cinema400coups.fr\/wp-content\/uploads\/2026\/04\/les-roues-de-lavenir-819x1024.jpg\" alt=\"\" class=\"wp-image-15806\"\/><\/figure>\n\n\n\n<figure class=\"wp-block-image size-large\"><img loading=\"lazy\" decoding=\"async\" width=\"588\" height=\"799\" data-id=\"15800\" src=\"https:\/\/cinema400coups.fr\/wp-content\/uploads\/2026\/04\/captive-du-desert.jpg\" alt=\"\" class=\"wp-image-15800\" srcset=\"https:\/\/cinema400coups.fr\/wp-content\/uploads\/2026\/04\/captive-du-desert.jpg 588w, https:\/\/cinema400coups.fr\/wp-content\/uploads\/2026\/04\/captive-du-desert-221x300.jpg 221w\" sizes=\"auto, (max-width: 588px) 100vw, 588px\" \/><\/figure>\n\n\n\n<figure class=\"wp-block-image size-large\"><img loading=\"lazy\" decoding=\"async\" width=\"341\" height=\"512\" data-id=\"15660\" src=\"https:\/\/cinema400coups.fr\/wp-content\/uploads\/2026\/04\/norma-rae.jpg\" alt=\"\" class=\"wp-image-15660\" srcset=\"https:\/\/cinema400coups.fr\/wp-content\/uploads\/2026\/04\/norma-rae.jpg 341w, https:\/\/cinema400coups.fr\/wp-content\/uploads\/2026\/04\/norma-rae-200x300.jpg 200w\" sizes=\"auto, (max-width: 341px) 100vw, 341px\" \/><\/figure>\n\n\n\n<figure class=\"wp-block-image size-large\"><img loading=\"lazy\" decoding=\"async\" width=\"752\" height=\"1024\" data-id=\"15813\" src=\"https:\/\/cinema400coups.fr\/wp-content\/uploads\/2026\/04\/elise-sous-emprise-752x1024.jpg\" alt=\"\" class=\"wp-image-15813\"\/><\/figure>\n<\/figure>\n\n\n\n<hr class=\"wp-block-separator has-alpha-channel-opacity\"\/>\n\n\n\n<h2 class=\"wp-block-heading\">Op\u00e9ras &amp; Ballets<\/h2>\n\n\n\n<figure class=\"wp-block-gallery has-nested-images columns-4 is-cropped wp-block-gallery-3 is-layout-flex wp-block-gallery-is-layout-flex\">\n<figure class=\"wp-block-image size-large\"><img loading=\"lazy\" decoding=\"async\" width=\"724\" height=\"1024\" data-id=\"14903\" src=\"https:\/\/cinema400coups.fr\/wp-content\/uploads\/2025\/11\/UN-BAL-MASQUE-724x1024.jpg\" alt=\"\" class=\"wp-image-14903\"\/><\/figure>\n\n\n\n<figure class=\"wp-block-image size-large\"><img loading=\"lazy\" decoding=\"async\" width=\"724\" height=\"1024\" data-id=\"14902\" src=\"https:\/\/cinema400coups.fr\/wp-content\/uploads\/2025\/11\/TOSCA-724x1024.jpg\" alt=\"\" class=\"wp-image-14902\"\/><\/figure>\n\n\n\n<figure class=\"wp-block-image size-large\"><img loading=\"lazy\" decoding=\"async\" width=\"724\" height=\"1024\" data-id=\"14901\" src=\"https:\/\/cinema400coups.fr\/wp-content\/uploads\/2025\/11\/GISELLE-724x1024.jpg\" alt=\"\" class=\"wp-image-14901\"\/><\/figure>\n<\/figure>\n\n\n\n<hr class=\"wp-block-separator has-alpha-channel-opacity\"\/>\n\n\n\n<h2 class=\"wp-block-heading\">ItaliaCin\u00e9ma 2<\/h2>\n\n\n\n<figure class=\"wp-block-gallery has-nested-images columns-4 is-cropped wp-block-gallery-4 is-layout-flex wp-block-gallery-is-layout-flex\">\n<figure class=\"wp-block-image size-large\"><img loading=\"lazy\" decoding=\"async\" width=\"753\" height=\"1024\" data-id=\"15680\" src=\"https:\/\/cinema400coups.fr\/wp-content\/uploads\/2026\/04\/pile-ou-face-753x1024.jpg\" alt=\"\" class=\"wp-image-15680\"\/><\/figure>\n\n\n\n<figure class=\"wp-block-image size-large\"><img loading=\"lazy\" decoding=\"async\" width=\"768\" height=\"1024\" data-id=\"15677\" src=\"https:\/\/cinema400coups.fr\/wp-content\/uploads\/2026\/04\/le-grand-silence-768x1024.jpg\" alt=\"\" class=\"wp-image-15677\"\/><\/figure>\n\n\n\n<figure class=\"wp-block-image size-large\"><img loading=\"lazy\" decoding=\"async\" width=\"769\" height=\"1024\" data-id=\"15672\" src=\"https:\/\/cinema400coups.fr\/wp-content\/uploads\/2026\/04\/diamanti-769x1024.jpg\" alt=\"\" class=\"wp-image-15672\"\/><\/figure>\n\n\n\n<figure class=\"wp-block-image size-large\"><img loading=\"lazy\" decoding=\"async\" width=\"600\" height=\"815\" data-id=\"15671\" src=\"https:\/\/cinema400coups.fr\/wp-content\/uploads\/2026\/04\/berlinguer-e1775158618735.jpg\" alt=\"\" class=\"wp-image-15671\"\/><\/figure>\n\n\n\n<figure class=\"wp-block-image size-large\"><img loading=\"lazy\" decoding=\"async\" width=\"768\" height=\"1024\" data-id=\"15674\" src=\"https:\/\/cinema400coups.fr\/wp-content\/uploads\/2026\/04\/vivaldi-et-moi-768x1024.jpg\" alt=\"\" class=\"wp-image-15674\"\/><\/figure>\n\n\n\n<figure class=\"wp-block-image size-large\"><img loading=\"lazy\" decoding=\"async\" width=\"680\" height=\"1024\" data-id=\"15675\" src=\"https:\/\/cinema400coups.fr\/wp-content\/uploads\/2026\/04\/pompei-680x1024.jpg\" alt=\"\" class=\"wp-image-15675\"\/><\/figure>\n\n\n\n<figure class=\"wp-block-image size-large\"><img loading=\"lazy\" decoding=\"async\" width=\"768\" height=\"1024\" data-id=\"15673\" src=\"https:\/\/cinema400coups.fr\/wp-content\/uploads\/2026\/04\/il-maestro-768x1024.jpg\" alt=\"\" class=\"wp-image-15673\"\/><\/figure>\n\n\n\n<figure class=\"wp-block-image size-large\"><img loading=\"lazy\" decoding=\"async\" width=\"768\" height=\"1024\" data-id=\"15676\" src=\"https:\/\/cinema400coups.fr\/wp-content\/uploads\/2026\/04\/le-dernier-pour-la-route-768x1024.jpg\" alt=\"\" class=\"wp-image-15676\"\/><\/figure>\n<\/figure>\n","protected":false},"excerpt":{"rendered":"<p>Bient\u00f4t au programme en salle En s\u00e9ance unique Op\u00e9ras &amp; Ballets ItaliaCin\u00e9ma 2<\/p>\n","protected":false},"author":1,"featured_media":0,"parent":0,"menu_order":0,"comment_status":"closed","ping_status":"closed","template":"","meta":{"footnotes":""},"class_list":["post-8070","page","type-page","status-publish","hentry"],"_links":{"self":[{"href":"https:\/\/cinema400coups.fr\/index.php?rest_route=\/wp\/v2\/pages\/8070","targetHints":{"allow":["GET"]}}],"collection":[{"href":"https:\/\/cinema400coups.fr\/index.php?rest_route=\/wp\/v2\/pages"}],"about":[{"href":"https:\/\/cinema400coups.fr\/index.php?rest_route=\/wp\/v2\/types\/page"}],"author":[{"embeddable":true,"href":"https:\/\/cinema400coups.fr\/index.php?rest_route=\/wp\/v2\/users\/1"}],"replies":[{"embeddable":true,"href":"https:\/\/cinema400coups.fr\/index.php?rest_route=%2Fwp%2Fv2%2Fcomments&post=8070"}],"version-history":[{"count":380,"href":"https:\/\/cinema400coups.fr\/index.php?rest_route=\/wp\/v2\/pages\/8070\/revisions"}],"predecessor-version":[{"id":15815,"href":"https:\/\/cinema400coups.fr\/index.php?rest_route=\/wp\/v2\/pages\/8070\/revisions\/15815"}],"wp:attachment":[{"href":"https:\/\/cinema400coups.fr\/index.php?rest_route=%2Fwp%2Fv2%2Fmedia&parent=8070"}],"curies":[{"name":"wp","href":"https:\/\/api.w.org\/{rel}","templated":true}]}}