{"id":47,"date":"2015-07-22T19:57:49","date_gmt":"2015-07-22T18:57:49","guid":{"rendered":"http:\/\/cinema400coups.fr\/?page_id=47"},"modified":"2026-04-27T14:02:51","modified_gmt":"2026-04-27T13:02:51","slug":"accessibilite-handicape","status":"publish","type":"page","link":"https:\/\/cinema400coups.fr\/?page_id=47","title":{"rendered":"Accessibilit\u00e9 salle 1 (RDC)"},"content":{"rendered":"\n<h2 class=\"wp-block-heading\"><strong>La salle 1 du cin\u00e9ma au rez-de-chauss\u00e9e est accessible aux personnes \u00e0 mobilit\u00e9 r\u00e9duite.<\/strong><\/h2>\n\n\n\n<table id=\"tablepress-1\" class=\"tablepress tablepress-id-1\">\n<thead>\n<tr class=\"row-1\">\n\t<th class=\"column-1\">Salle 1 ( rez-de chauss\u00e9e )<\/th><th class=\"column-2\">Mercredi 22 AVRIL<\/th><th class=\"column-3\">Jeudi 23 AVRIL<\/th><th class=\"column-4\">Vendredi 24 AVRIL<\/th><th class=\"column-5\">Samedi 25 AVRIL<\/th><th class=\"column-6\">Dimanche 26 AVRIL<\/th><th class=\"column-7\">Lundi 27 AVRIL<\/th><th class=\"column-8\">Mardi 28 AVRIL<\/th>\n<\/tr>\n<\/thead>\n<tbody class=\"row-striping row-hover\">\n<tr class=\"row-2\">\n\t<td class=\"column-1\">TOSCA<\/td><td class=\"column-2\"><\/td><td class=\"column-3\"><\/td><td class=\"column-4\"><\/td><td class=\"column-5\">14h30<\/td><td class=\"column-6\"><\/td><td class=\"column-7\"><\/td><td class=\"column-8\"><\/td>\n<\/tr>\n<tr class=\"row-3\">\n\t<td class=\"column-1\">LA VILLE LOUVRE<\/td><td class=\"column-2\"><\/td><td class=\"column-3\"><\/td><td class=\"column-4\">18h15<\/td><td class=\"column-5\"><\/td><td class=\"column-6\"><\/td><td class=\"column-7\"><\/td><td class=\"column-8\"><\/td>\n<\/tr>\n<tr class=\"row-4\">\n\t<td class=\"column-1\">LA CORDE AU COU<\/td><td class=\"column-2\">20h30<\/td><td class=\"column-3\"><\/td><td class=\"column-4\"><\/td><td class=\"column-5\"><\/td><td class=\"column-6\">17h00<\/td><td class=\"column-7\"><\/td><td class=\"column-8\"><\/td>\n<\/tr>\n<tr class=\"row-5\">\n\t<td class=\"column-1\">PLUS FORT QUE MOI<\/td><td class=\"column-2\"><\/td><td class=\"column-3\"><\/td><td class=\"column-4\">20h30<\/td><td class=\"column-5\"><\/td><td class=\"column-6\">20h00<\/td><td class=\"column-7\"><\/td><td class=\"column-8\"><\/td>\n<\/tr>\n<tr class=\"row-6\">\n\t<td class=\"column-1\">A VOIX BASSE<\/td><td class=\"column-2\">14h30<\/td><td class=\"column-3\"><\/td><td class=\"column-4\"><\/td><td class=\"column-5\">18h00<\/td><td class=\"column-6\">14h30<\/td><td class=\"column-7\">14h30<\/td><td class=\"column-8\"><\/td>\n<\/tr>\n<tr class=\"row-7\">\n\t<td class=\"column-1\">ROMERIA<\/td><td class=\"column-2\">18h10<\/td><td class=\"column-3\"><\/td><td class=\"column-4\"><\/td><td class=\"column-5\">20h30<\/td><td class=\"column-6\"><\/td><td class=\"column-7\">18h10<\/td><td class=\"column-8\"><\/td>\n<\/tr>\n<tr class=\"row-8\">\n\t<td class=\"column-1\">UN JOUR AVEC MON PERE<\/td><td class=\"column-2\"><\/td><td class=\"column-3\"><\/td><td class=\"column-4\"><\/td><td class=\"column-5\"><\/td><td class=\"column-6\"><\/td><td class=\"column-7\">20h30<\/td><td class=\"column-8\"><\/td>\n<\/tr>\n<tr class=\"row-9\">\n\t<td class=\"column-1\">SOULEVEMENT<\/td><td class=\"column-2\"><\/td><td class=\"column-3\">20h00<\/td><td class=\"column-4\"><\/td><td class=\"column-5\"><\/td><td class=\"column-6\"><\/td><td class=\"column-7\"><\/td><td class=\"column-8\"><\/td>\n<\/tr>\n<tr class=\"row-10\">\n\t<td class=\"column-1\">LA FEMME DE<\/td><td class=\"column-2\"><\/td><td class=\"column-3\">18h00<\/td><td class=\"column-4\"><\/td><td class=\"column-5\"><\/td><td class=\"column-6\"><\/td><td class=\"column-7\"><\/td><td class=\"column-8\">18h00<\/td>\n<\/tr>\n<tr class=\"row-11\">\n\t<td class=\"column-1\">VIVALDI ET MOI<\/td><td class=\"column-2\"><\/td><td class=\"column-3\"><\/td><td class=\"column-4\"><\/td><td class=\"column-5\"><\/td><td class=\"column-6\"><\/td><td class=\"column-7\"><\/td><td class=\"column-8\">20h00<\/td>\n<\/tr>\n<\/tbody>\n<\/table>\n<!-- #tablepress-1 from cache -->\n\n<div class=\"wp-block-image\">\n<figure class=\"aligncenter size-large\"><img loading=\"lazy\" decoding=\"async\" width=\"1024\" height=\"341\" src=\"https:\/\/cinema400coups.fr\/wp-content\/uploads\/2026\/04\/VIVALDI-ET-MOI_COUV_TWITTER_1500x500-1024x341.jpg\" alt=\"\" class=\"wp-image-15718\" srcset=\"https:\/\/cinema400coups.fr\/wp-content\/uploads\/2026\/04\/VIVALDI-ET-MOI_COUV_TWITTER_1500x500-1024x341.jpg 1024w, https:\/\/cinema400coups.fr\/wp-content\/uploads\/2026\/04\/VIVALDI-ET-MOI_COUV_TWITTER_1500x500-300x100.jpg 300w, https:\/\/cinema400coups.fr\/wp-content\/uploads\/2026\/04\/VIVALDI-ET-MOI_COUV_TWITTER_1500x500-768x256.jpg 768w, https:\/\/cinema400coups.fr\/wp-content\/uploads\/2026\/04\/VIVALDI-ET-MOI_COUV_TWITTER_1500x500.jpg 1500w\" sizes=\"auto, (max-width: 1024px) 100vw, 1024px\" \/><\/figure>\n<\/div>\n\n\n<table id=\"tablepress-2\" class=\"tablepress tablepress-id-2\">\n<thead>\n<tr class=\"row-1\">\n\t<th class=\"column-1\">Films en salle 1 (RDC)<\/th><th class=\"column-2\">MER 29 AVRIL<\/th><th class=\"column-3\">JEU 30 AVRIL<\/th><th class=\"column-4\">VEN 1er MAI<\/th><th class=\"column-5\">SAM 2 MAI<\/th><th class=\"column-6\">DIM 3 MAI<\/th><th class=\"column-7\">LUN 4 MAI<\/th><th class=\"column-8\">MAR 5 MAI<\/th>\n<\/tr>\n<\/thead>\n<tbody class=\"row-striping row-hover\">\n<tr class=\"row-2\">\n\t<td class=\"column-1\">POMPEI, SOTTO LE NUVOLE<\/td><td class=\"column-2\">20h00<\/td><td class=\"column-3\"><\/td><td class=\"column-4\"><\/td><td class=\"column-5\"><\/td><td class=\"column-6\"><\/td><td class=\"column-7\"><\/td><td class=\"column-8\"><\/td>\n<\/tr>\n<tr class=\"row-3\">\n\t<td class=\"column-1\">SAUVAGE<\/td><td class=\"column-2\">18h00<\/td><td class=\"column-3\"><\/td><td class=\"column-4\"><\/td><td class=\"column-5\"><\/td><td class=\"column-6\"><\/td><td class=\"column-7\"><\/td><td class=\"column-8\"><\/td>\n<\/tr>\n<tr class=\"row-4\">\n\t<td class=\"column-1\">VIVALDI ET MOI<\/td><td class=\"column-2\">14h30<\/td><td class=\"column-3\"><\/td><td class=\"column-4\">20h15<\/td><td class=\"column-5\">14h30<br \/>\n20h30<\/td><td class=\"column-6\">17h00<\/td><td class=\"column-7\"><\/td><td class=\"column-8\">17h45<\/td>\n<\/tr>\n<tr class=\"row-5\">\n\t<td class=\"column-1\">LE DERNIER POUR LA ROUTE<\/td><td class=\"column-2\"><\/td><td class=\"column-3\"><\/td><td class=\"column-4\"><\/td><td class=\"column-5\"><\/td><td class=\"column-6\">14h30<\/td><td class=\"column-7\"><\/td><td class=\"column-8\">20h00<\/td>\n<\/tr>\n<tr class=\"row-6\">\n\t<td class=\"column-1\">LA CORDE AU COU<\/td><td class=\"column-2\"><\/td><td class=\"column-3\">20h30<\/td><td class=\"column-4\"><\/td><td class=\"column-5\">18h00<\/td><td class=\"column-6\"><\/td><td class=\"column-7\"><\/td><td class=\"column-8\"><\/td>\n<\/tr>\n<tr class=\"row-7\">\n\t<td class=\"column-1\">IL MAESTRO<\/td><td class=\"column-2\"><\/td><td class=\"column-3\">18h00<\/td><td class=\"column-4\"><\/td><td class=\"column-5\"><\/td><td class=\"column-6\"><\/td><td class=\"column-7\">20h00<\/td><td class=\"column-8\"><\/td>\n<\/tr>\n<tr class=\"row-8\">\n\t<td class=\"column-1\">A VOIX BASSE<\/td><td class=\"column-2\"><\/td><td class=\"column-3\"><\/td><td class=\"column-4\">14h30<\/td><td class=\"column-5\"><\/td><td class=\"column-6\"><\/td><td class=\"column-7\">17h30<\/td><td class=\"column-8\"><\/td>\n<\/tr>\n<tr class=\"row-9\">\n\t<td class=\"column-1\">LES RAYONS ET LES OMBRES<\/td><td class=\"column-2\"><\/td><td class=\"column-3\"><\/td><td class=\"column-4\">16h45<\/td><td class=\"column-5\"><\/td><td class=\"column-6\">19h15<\/td><td class=\"column-7\"><\/td><td class=\"column-8\"><\/td>\n<\/tr>\n<\/tbody>\n<\/table>\n<!-- #tablepress-2 from cache -->\n\n\n<h3 class=\"wp-block-heading\"><strong>Films disponibles avec&nbsp;Amplificateur d&rsquo;\u00e9coute &amp; en&nbsp;Audio-Description<\/strong>.<\/h3>\n\n\n\n<h3 class=\"wp-block-heading\"><strong>Demandez un casque &amp; r\u00e9cepteur au guichet.<\/strong><\/h3>\n","protected":false},"excerpt":{"rendered":"<p>La salle 1 du cin\u00e9ma au rez-de-chauss\u00e9e est accessible aux personnes \u00e0 mobilit\u00e9 r\u00e9duite. Films disponibles avec&nbsp;Amplificateur d&rsquo;\u00e9coute &amp; en&nbsp;Audio-Description. Demandez un casque &amp; r\u00e9cepteur au guichet.<\/p>\n","protected":false},"author":1,"featured_media":0,"parent":0,"menu_order":0,"comment_status":"open","ping_status":"open","template":"","meta":{"footnotes":""},"class_list":["post-47","page","type-page","status-publish","hentry"],"_links":{"self":[{"href":"https:\/\/cinema400coups.fr\/index.php?rest_route=\/wp\/v2\/pages\/47","targetHints":{"allow":["GET"]}}],"collection":[{"href":"https:\/\/cinema400coups.fr\/index.php?rest_route=\/wp\/v2\/pages"}],"about":[{"href":"https:\/\/cinema400coups.fr\/index.php?rest_route=\/wp\/v2\/types\/page"}],"author":[{"embeddable":true,"href":"https:\/\/cinema400coups.fr\/index.php?rest_route=\/wp\/v2\/users\/1"}],"replies":[{"embeddable":true,"href":"https:\/\/cinema400coups.fr\/index.php?rest_route=%2Fwp%2Fv2%2Fcomments&post=47"}],"version-history":[{"count":617,"href":"https:\/\/cinema400coups.fr\/index.php?rest_route=\/wp\/v2\/pages\/47\/revisions"}],"predecessor-version":[{"id":15790,"href":"https:\/\/cinema400coups.fr\/index.php?rest_route=\/wp\/v2\/pages\/47\/revisions\/15790"}],"wp:attachment":[{"href":"https:\/\/cinema400coups.fr\/index.php?rest_route=%2Fwp%2Fv2%2Fmedia&parent=47"}],"curies":[{"name":"wp","href":"https:\/\/api.w.org\/{rel}","templated":true}]}}