{"id":4612,"date":"2021-05-12T12:50:58","date_gmt":"2021-05-12T11:50:58","guid":{"rendered":"http:\/\/cinema400coups.fr\/?page_id=4612"},"modified":"2023-10-24T13:53:24","modified_gmt":"2023-10-24T12:53:24","slug":"nos-partenaires","status":"publish","type":"page","link":"https:\/\/cinema400coups.fr\/?page_id=4612","title":{"rendered":"Nos partenaires"},"content":{"rendered":"<p style=\"text-align: center;\"><img loading=\"lazy\" decoding=\"async\" class=\" size-thumbnail wp-image-4618 aligncenter\" src=\"https:\/\/cinema400coups.fr\/wp-content\/uploads\/2019\/01\/Les-400-Coups-150x150.png\" alt=\"Les 400 Coups\" width=\"150\" height=\"150\" srcset=\"https:\/\/cinema400coups.fr\/wp-content\/uploads\/2019\/01\/Les-400-Coups-150x150.png 150w, https:\/\/cinema400coups.fr\/wp-content\/uploads\/2019\/01\/Les-400-Coups.png 225w\" sizes=\"auto, (max-width: 150px) 100vw, 150px\" \/><\/p>\n<p style=\"text-align: center;\"><strong>Le cin\u00e9ma Les 400 Coups est partenaire de nombreux organismes<\/strong><\/p>\n<p style=\"text-align: center;\"><a href=\"https:\/\/cinema400coups.fr\/wp-content\/uploads\/2019\/01\/AFCAE.jpg\"><img loading=\"lazy\" decoding=\"async\" class=\" size-full wp-image-4613 aligncenter\" src=\"https:\/\/cinema400coups.fr\/wp-content\/uploads\/2019\/01\/AFCAE.jpg\" alt=\"AFCAE\" width=\"288\" height=\"175\" srcset=\"https:\/\/cinema400coups.fr\/wp-content\/uploads\/2019\/01\/AFCAE.jpg 288w, https:\/\/cinema400coups.fr\/wp-content\/uploads\/2019\/01\/AFCAE-80x50.jpg 80w\" sizes=\"auto, (max-width: 288px) 100vw, 288px\" \/><\/a><\/p>\n<p style=\"text-align: center;\">\n<p style=\"text-align: center;\"><strong>l&rsquo;Association Fran\u00e7aise des Cin\u00e9mas Art et essai.<\/strong><\/p>\n<p style=\"text-align: center;\"><a href=\"https:\/\/cinema400coups.fr\/wp-content\/uploads\/2019\/01\/GRAC.png\"><img loading=\"lazy\" decoding=\"async\" class=\" size-full wp-image-4619 aligncenter\" src=\"https:\/\/cinema400coups.fr\/wp-content\/uploads\/2019\/01\/GRAC.png\" alt=\"GRAC\" width=\"276\" height=\"183\" \/><\/a><\/p>\n<p style=\"text-align: center;\"><strong>Le Groupement R\u00e9gional d&rsquo;Action Cin\u00e9matographique<\/strong><\/p>\n<p style=\"text-align: center;\"><img loading=\"lazy\" decoding=\"async\" class=\"aligncenter  wp-image-8529\" src=\"https:\/\/cinema400coups.fr\/wp-content\/uploads\/2023\/01\/logo-GNCR.jpg\" alt=\"\" width=\"338\" height=\"185\" srcset=\"https:\/\/cinema400coups.fr\/wp-content\/uploads\/2023\/01\/logo-GNCR.jpg 581w, https:\/\/cinema400coups.fr\/wp-content\/uploads\/2023\/01\/logo-GNCR-300x164.jpg 300w\" sizes=\"auto, (max-width: 338px) 100vw, 338px\" \/><\/p>\n<p style=\"text-align: center;\"><strong>Les 400 Coups est class\u00e9 Cin\u00e9ma de Recherche <\/strong><\/p>\n<p style=\"text-align: center;\"><strong>(Plus haut degr\u00e9 du classement Art et essai)<\/strong><\/p>\n<p style=\"text-align: center;\"><img loading=\"lazy\" decoding=\"async\" class=\"aligncenter  wp-image-8528\" src=\"https:\/\/cinema400coups.fr\/wp-content\/uploads\/2023\/01\/EUROPACINEMASCREATIVE-Logo_Blue.jpg\" alt=\"\" width=\"389\" height=\"205\" srcset=\"https:\/\/cinema400coups.fr\/wp-content\/uploads\/2023\/01\/EUROPACINEMASCREATIVE-Logo_Blue.jpg 2085w, https:\/\/cinema400coups.fr\/wp-content\/uploads\/2023\/01\/EUROPACINEMASCREATIVE-Logo_Blue-300x158.jpg 300w, https:\/\/cinema400coups.fr\/wp-content\/uploads\/2023\/01\/EUROPACINEMASCREATIVE-Logo_Blue-768x404.jpg 768w, https:\/\/cinema400coups.fr\/wp-content\/uploads\/2023\/01\/EUROPACINEMASCREATIVE-Logo_Blue-1024x538.jpg 1024w\" sizes=\"auto, (max-width: 389px) 100vw, 389px\" \/><\/p>\n<p style=\"text-align: center;\"><strong>En raison d&rsquo;un travail de d\u00e9couverte sur le cin\u00e9ma international<\/strong><\/p>\n<p style=\"text-align: center;\"><strong>Les 400 Coups font partie du r\u00e9seau international Europa cin\u00e9mas<\/strong><\/p>\n<p style=\"text-align: center;\"><a href=\"https:\/\/cinema400coups.fr\/wp-content\/uploads\/2019\/01\/Agence-du-Court.png\"><img loading=\"lazy\" decoding=\"async\" class=\"aligncenter size-medium wp-image-4622\" src=\"https:\/\/cinema400coups.fr\/wp-content\/uploads\/2019\/01\/Agence-du-Court-300x108.png\" alt=\"Agence du Court\" width=\"300\" height=\"108\" srcset=\"https:\/\/cinema400coups.fr\/wp-content\/uploads\/2019\/01\/Agence-du-Court-300x108.png 300w, https:\/\/cinema400coups.fr\/wp-content\/uploads\/2019\/01\/Agence-du-Court-1024x367.png 1024w\" sizes=\"auto, (max-width: 300px) 100vw, 300px\" \/><\/a><\/p>\n<p style=\"text-align: center;\">\n<p style=\"text-align: center;\"><strong>Chaque semaine Les 400 Coups programment un ou plusieurs courts m\u00e9trages <\/strong><\/p>\n<p style=\"text-align: center;\"><strong>en premi\u00e8res parties de programmes.<\/strong><\/p>\n<p style=\"text-align: center;\"><a href=\"https:\/\/cinema400coups.fr\/wp-content\/uploads\/2019\/01\/Villefranche.png\"><img loading=\"lazy\" decoding=\"async\" class=\"aligncenter size-full wp-image-4624\" src=\"https:\/\/cinema400coups.fr\/wp-content\/uploads\/2019\/01\/Villefranche.png\" alt=\"Villefranche\" width=\"264\" height=\"191\" \/><\/a><\/p>\n<p style=\"text-align: center;\">\n<p style=\"text-align: center;\"><strong>La ville de Villefranche soutient notre cin\u00e9ma.<\/strong><\/p>\n<p style=\"text-align: center;\"><a href=\"https:\/\/cinema400coups.fr\/wp-content\/uploads\/2019\/01\/Les-Jeunes-Ambassadeurs.jpeg\"><img loading=\"lazy\" decoding=\"async\" class=\"aligncenter size-medium wp-image-4625\" src=\"https:\/\/cinema400coups.fr\/wp-content\/uploads\/2019\/01\/Les-Jeunes-Ambassadeurs-300x269.jpeg\" alt=\"Les Jeunes Ambassadeurs\" width=\"300\" height=\"269\" srcset=\"https:\/\/cinema400coups.fr\/wp-content\/uploads\/2019\/01\/Les-Jeunes-Ambassadeurs-300x269.jpeg 300w, https:\/\/cinema400coups.fr\/wp-content\/uploads\/2019\/01\/Les-Jeunes-Ambassadeurs.jpeg 450w\" sizes=\"auto, (max-width: 300px) 100vw, 300px\" \/><\/a><\/p>\n<p style=\"text-align: center;\">\n<p style=\"text-align: center;\"><a href=\"https:\/\/cinema400coups.fr\/wp-content\/uploads\/2019\/01\/Deviens-Ambassadeur-.jpg\"><img loading=\"lazy\" decoding=\"async\" class=\"aligncenter size-medium wp-image-4626\" src=\"https:\/\/cinema400coups.fr\/wp-content\/uploads\/2019\/01\/Deviens-Ambassadeur--212x300.jpg\" alt=\"Deviens Ambassadeur !\" width=\"212\" height=\"300\" srcset=\"https:\/\/cinema400coups.fr\/wp-content\/uploads\/2019\/01\/Deviens-Ambassadeur--212x300.jpg 212w, https:\/\/cinema400coups.fr\/wp-content\/uploads\/2019\/01\/Deviens-Ambassadeur--724x1024.jpg 724w, https:\/\/cinema400coups.fr\/wp-content\/uploads\/2019\/01\/Deviens-Ambassadeur-.jpg 1240w\" sizes=\"auto, (max-width: 212px) 100vw, 212px\" \/><\/a><\/p>\n<p style=\"text-align: center;\">\n<p style=\"text-align: center;\"><strong>Les Jeunes Ambassadeurs (16-20 ans) participent \u00e0 l&rsquo;animation du cin\u00e9ma <\/strong><\/p>\n<p style=\"text-align: center;\"><strong>en organisant des soir\u00e9es \u00e0 th\u00e8me.<\/strong><\/p>\n<p style=\"text-align: center;\"><img loading=\"lazy\" decoding=\"async\" class=\" size-thumbnail wp-image-4660 aligncenter\" src=\"https:\/\/cinema400coups.fr\/wp-content\/uploads\/2019\/01\/OGR-150x150.jpg\" alt=\"OGR\" width=\"150\" height=\"150\" \/><strong>L&rsquo;Office des G\u00e9n\u00e9rations R\u00e9unies est notre partenaire depuis de nombreuses ann\u00e9es. <\/strong><\/p>\n<p style=\"text-align: center;\"><strong>(Avec tarif sp\u00e9cial de 6 \u20ac sur pr\u00e9sentation de la carte)<\/strong><\/p>\n<p style=\"text-align: center;\"><strong>\u00a0 Pour la saison Cin\u00e9-Op\u00e9ra <\/strong><\/p>\n<p style=\"text-align: center;\"><strong>le tarif pr\u00e9f\u00e9rentiel pour les membres de l&rsquo;O.G.R. est de 12\u20ac<\/strong><\/p>\n<p style=\"text-align: center;\"><a href=\"https:\/\/cinema400coups.fr\/wp-content\/uploads\/2019\/01\/Culture-pour-tous.jpg\"><img loading=\"lazy\" decoding=\"async\" class=\"aligncenter size-medium wp-image-4627\" src=\"https:\/\/cinema400coups.fr\/wp-content\/uploads\/2019\/01\/Culture-pour-tous-300x96.jpg\" alt=\"Culture pour tous\" width=\"300\" height=\"96\" srcset=\"https:\/\/cinema400coups.fr\/wp-content\/uploads\/2019\/01\/Culture-pour-tous-300x96.jpg 300w, https:\/\/cinema400coups.fr\/wp-content\/uploads\/2019\/01\/Culture-pour-tous.jpg 395w\" sizes=\"auto, (max-width: 300px) 100vw, 300px\" \/><\/a><\/p>\n<p style=\"text-align: center;\">\n<p style=\"text-align: center;\"><strong>Chaque jour Les 400 Coups offrent des places \u00e0 cette association <\/strong><\/p>\n<p style=\"text-align: center;\"><strong>qui permet \u00e0 des publics emp\u00each\u00e9s d&rsquo;acc\u00e9der au cin\u00e9ma.<\/strong><\/p>\n<p style=\"text-align: center;\"><img loading=\"lazy\" decoding=\"async\" class=\" size-thumbnail wp-image-4628 aligncenter\" src=\"https:\/\/cinema400coups.fr\/wp-content\/uploads\/2019\/01\/Restos-du-coeur-150x150.png\" alt=\"Restos du coeur\" width=\"150\" height=\"150\" \/><img loading=\"lazy\" decoding=\"async\" class=\" size-thumbnail wp-image-4629 aligncenter\" src=\"https:\/\/cinema400coups.fr\/wp-content\/uploads\/2019\/01\/Secours-populaire-150x150.png\" alt=\"Secours populaire\" width=\"150\" height=\"150\" srcset=\"https:\/\/cinema400coups.fr\/wp-content\/uploads\/2019\/01\/Secours-populaire-150x150.png 150w, https:\/\/cinema400coups.fr\/wp-content\/uploads\/2019\/01\/Secours-populaire-300x300.png 300w, https:\/\/cinema400coups.fr\/wp-content\/uploads\/2019\/01\/Secours-populaire.png 1024w\" sizes=\"auto, (max-width: 150px) 100vw, 150px\" \/><\/p>\n<p style=\"text-align: center;\"><strong>Avec notre op\u00e9ration <em>Cin\u00e9Solidaire<\/em> vous pouvez participer au financement de places de cin\u00e9ma offertes <\/strong><\/p>\n<p style=\"text-align: center;\"><strong>aux b\u00e9n\u00e9ficiaires des Restos du coeur et du Secours populaire.<\/strong><\/p>\n<p style=\"text-align: center;\"><strong>(Voir urne d\u00e9di\u00e9e au guichet du cin\u00e9ma)<\/strong><\/p>\n<hr \/>\n<p style=\"text-align: center;\"><strong>\u00a0Pour toute recharge d&rsquo;abonnement nous vous offrons un bon pour une pizza gratuite <\/strong><\/p>\n<p style=\"text-align: center;\"><strong>au restaurant <em>Le Sablier<\/em>.<\/strong><\/p>\n<hr \/>\n<p style=\"text-align: center;\"><strong>Les 400 Coups est en partenariat avec 6 restaurants du centre ville de Villefranche :\u00a0<\/strong><\/p>\n<p style=\"text-align: center;\"><strong><em>AL DENTE<\/em> \/ <em>FOXY FACTORY<\/em> \/ <em>LE SUN FISH<\/em> \/<\/strong><\/p>\n<p style=\"text-align: center;\"><strong><em>LE SUSHI FRAIS<\/em> \/ <em>LA BRASSERIE DU TH\u00c9\u00c2TRE<\/em> \/ <em>LULU &amp; LULU<\/em><\/strong><\/p>\n<p style=\"text-align: center;\"><strong>Au dos de chaque tickets de cin\u00e9ma se trouve une offre pour un des restaurants partenaires !<\/strong><\/p>\n<p style=\"text-align: center;\"><strong>Profitez-en !<\/strong><\/p>\n","protected":false},"excerpt":{"rendered":"<p>Le cin\u00e9ma Les 400 Coups est partenaire de nombreux organismes l&rsquo;Association Fran\u00e7aise des Cin\u00e9mas Art et essai. Le Groupement R\u00e9gional d&rsquo;Action Cin\u00e9matographique Les 400 Coups est class\u00e9 Cin\u00e9ma de Recherche (Plus haut degr\u00e9 du classement Art et essai) En raison &hellip; <a href=\"https:\/\/cinema400coups.fr\/?page_id=4612\">Lire la suite\u00ad\u00ad<\/a><\/p>\n","protected":false},"author":1,"featured_media":0,"parent":0,"menu_order":0,"comment_status":"closed","ping_status":"closed","template":"","meta":{"footnotes":""},"class_list":["post-4612","page","type-page","status-publish","hentry"],"_links":{"self":[{"href":"https:\/\/cinema400coups.fr\/index.php?rest_route=\/wp\/v2\/pages\/4612","targetHints":{"allow":["GET"]}}],"collection":[{"href":"https:\/\/cinema400coups.fr\/index.php?rest_route=\/wp\/v2\/pages"}],"about":[{"href":"https:\/\/cinema400coups.fr\/index.php?rest_route=\/wp\/v2\/types\/page"}],"author":[{"embeddable":true,"href":"https:\/\/cinema400coups.fr\/index.php?rest_route=\/wp\/v2\/users\/1"}],"replies":[{"embeddable":true,"href":"https:\/\/cinema400coups.fr\/index.php?rest_route=%2Fwp%2Fv2%2Fcomments&post=4612"}],"version-history":[{"count":25,"href":"https:\/\/cinema400coups.fr\/index.php?rest_route=\/wp\/v2\/pages\/4612\/revisions"}],"predecessor-version":[{"id":10287,"href":"https:\/\/cinema400coups.fr\/index.php?rest_route=\/wp\/v2\/pages\/4612\/revisions\/10287"}],"wp:attachment":[{"href":"https:\/\/cinema400coups.fr\/index.php?rest_route=%2Fwp%2Fv2%2Fmedia&parent=4612"}],"curies":[{"name":"wp","href":"https:\/\/api.w.org\/{rel}","templated":true}]}}