{"id":33,"date":"2015-07-22T19:42:32","date_gmt":"2015-07-22T18:42:32","guid":{"rendered":"http:\/\/cinema400coups.fr\/?page_id=33"},"modified":"2024-01-02T16:18:26","modified_gmt":"2024-01-02T15:18:26","slug":"contact","status":"publish","type":"page","link":"https:\/\/cinema400coups.fr\/?page_id=33","title":{"rendered":"Contact"},"content":{"rendered":"<p style=\"text-align: left;\"><strong>Cin\u00e9ma Les 400 Coups<\/strong><\/p>\n<p style=\"text-align: left;\"><strong>Espace Barmondi\u00e8re<\/strong><br \/><strong>69400\u00a0<\/strong><strong>Villefranche-sur-Sa\u00f4ne<\/strong><\/p>\n<p style=\"text-align: left;\"><strong>3 Salles num\u00e9riques class\u00e9es Art et essai \/ Recherche.<\/strong><br \/><strong>Labels Jeune Public, R\u00e9pertoire-Patrimoine, Europa Cin\u00e9mas.<\/strong><br \/><strong>Films en version originale sous-titr\u00e9e.<\/strong> (Sauf films jeune public)<br \/><strong>La Salle 1 est \u00e9quip\u00e9e en 3D active, et accessible aux personnes \u00e0 mobilit\u00e9 r\u00e9duite.<\/strong><\/p>\n<p style=\"text-align: left;\"><strong>Toutes les salles sont climatis\u00e9es.<\/strong><\/p>\n<hr \/>\n<p><strong>R\u00e9pondeur horaires\u00a0: <\/strong>04.74.65.10.85<\/p>\n<p style=\"text-align: left;\"><strong>T\u00e9l\u00e9phone cin\u00e9ma : <\/strong>04.74.65.98.64<\/p>\n<p><strong>T\u00e9l\u00e9phone<\/strong> <strong>Direction\/Programmation : <\/strong>09.62.64.24.59<\/p>\n<p style=\"text-align: left;\"><strong>Mail : <\/strong>cinema.quatre-cent-coups@wanadoo.fr<\/p>\n<p style=\"text-align: left;\"><strong>Mail Direction\/Programmation : <\/strong>berengere400coups@orange.fr<\/p>\n<hr \/>\n<p>\u00a0<\/p>\n\n\n<ul class=\"wp-block-gallery aligncenter columns-3 is-cropped wp-block-gallery-1 is-layout-flex wp-block-gallery-is-layout-flex\"><li class=\"blocks-gallery-item\"><figure><img loading=\"lazy\" decoding=\"async\" width=\"1024\" height=\"683\" src=\"https:\/\/cinema400coups.fr\/wp-content\/uploads\/2015\/07\/salle1400-1024x683.jpg\" alt=\"\" data-id=\"88\" data-link=\"https:\/\/cinema400coups.fr\/?attachment_id=88\" class=\"wp-image-88\" srcset=\"https:\/\/cinema400coups.fr\/wp-content\/uploads\/2015\/07\/salle1400-1024x683.jpg 1024w, https:\/\/cinema400coups.fr\/wp-content\/uploads\/2015\/07\/salle1400-300x200.jpg 300w\" sizes=\"auto, (max-width: 1024px) 100vw, 1024px\" \/><\/figure><\/li><li class=\"blocks-gallery-item\"><figure><img loading=\"lazy\" decoding=\"async\" width=\"1024\" height=\"768\" src=\"https:\/\/cinema400coups.fr\/wp-content\/uploads\/2023\/07\/IMG_20230718_201259-1024x768.jpg\" alt=\"\" data-id=\"9663\" data-link=\"https:\/\/cinema400coups.fr\/?attachment_id=9663\" class=\"wp-image-9663\" srcset=\"https:\/\/cinema400coups.fr\/wp-content\/uploads\/2023\/07\/IMG_20230718_201259-1024x768.jpg 1024w, https:\/\/cinema400coups.fr\/wp-content\/uploads\/2023\/07\/IMG_20230718_201259-300x225.jpg 300w, https:\/\/cinema400coups.fr\/wp-content\/uploads\/2023\/07\/IMG_20230718_201259-768x576.jpg 768w\" sizes=\"auto, (max-width: 1024px) 100vw, 1024px\" \/><\/figure><\/li><li class=\"blocks-gallery-item\"><figure><img loading=\"lazy\" decoding=\"async\" width=\"1024\" height=\"768\" src=\"https:\/\/cinema400coups.fr\/wp-content\/uploads\/2023\/07\/IMG_20230718_202139-1024x768.jpg\" alt=\"\" data-id=\"9664\" data-link=\"https:\/\/cinema400coups.fr\/?attachment_id=9664\" class=\"wp-image-9664\" srcset=\"https:\/\/cinema400coups.fr\/wp-content\/uploads\/2023\/07\/IMG_20230718_202139-1024x768.jpg 1024w, https:\/\/cinema400coups.fr\/wp-content\/uploads\/2023\/07\/IMG_20230718_202139-300x225.jpg 300w, https:\/\/cinema400coups.fr\/wp-content\/uploads\/2023\/07\/IMG_20230718_202139-768x576.jpg 768w\" sizes=\"auto, (max-width: 1024px) 100vw, 1024px\" \/><\/figure><\/li><\/ul>\n","protected":false},"excerpt":{"rendered":"<p>Cin\u00e9ma Les 400 Coups Espace Barmondi\u00e8re69400\u00a0Villefranche-sur-Sa\u00f4ne 3 Salles num\u00e9riques class\u00e9es Art et essai \/ Recherche.Labels Jeune Public, R\u00e9pertoire-Patrimoine, Europa Cin\u00e9mas.Films en version originale sous-titr\u00e9e. (Sauf films jeune public)La Salle 1 est \u00e9quip\u00e9e en 3D active, et accessible aux personnes \u00e0 &hellip; <a href=\"https:\/\/cinema400coups.fr\/?page_id=33\">Lire la suite\u00ad\u00ad<\/a><\/p>\n","protected":false},"author":1,"featured_media":0,"parent":0,"menu_order":0,"comment_status":"open","ping_status":"open","template":"page-contact.php","meta":{"footnotes":""},"class_list":["post-33","page","type-page","status-publish","hentry"],"_links":{"self":[{"href":"https:\/\/cinema400coups.fr\/index.php?rest_route=\/wp\/v2\/pages\/33","targetHints":{"allow":["GET"]}}],"collection":[{"href":"https:\/\/cinema400coups.fr\/index.php?rest_route=\/wp\/v2\/pages"}],"about":[{"href":"https:\/\/cinema400coups.fr\/index.php?rest_route=\/wp\/v2\/types\/page"}],"author":[{"embeddable":true,"href":"https:\/\/cinema400coups.fr\/index.php?rest_route=\/wp\/v2\/users\/1"}],"replies":[{"embeddable":true,"href":"https:\/\/cinema400coups.fr\/index.php?rest_route=%2Fwp%2Fv2%2Fcomments&post=33"}],"version-history":[{"count":17,"href":"https:\/\/cinema400coups.fr\/index.php?rest_route=\/wp\/v2\/pages\/33\/revisions"}],"predecessor-version":[{"id":11217,"href":"https:\/\/cinema400coups.fr\/index.php?rest_route=\/wp\/v2\/pages\/33\/revisions\/11217"}],"wp:attachment":[{"href":"https:\/\/cinema400coups.fr\/index.php?rest_route=%2Fwp%2Fv2%2Fmedia&parent=33"}],"curies":[{"name":"wp","href":"https:\/\/api.w.org\/{rel}","templated":true}]}}