{"id":1738,"date":"2017-02-12T18:42:09","date_gmt":"2017-02-12T17:42:09","guid":{"rendered":"http:\/\/cinema400coups.fr\/?page_id=1738"},"modified":"2024-05-02T14:33:45","modified_gmt":"2024-05-02T13:33:45","slug":"fiches-pedagogiques","status":"publish","type":"page","link":"https:\/\/cinema400coups.fr\/?page_id=1738","title":{"rendered":"Dossiers p\u00e9dagogiques &#8211; Dossiers de presse"},"content":{"rendered":"<p><a href=\"https:\/\/cinema400coups.fr\/wp-content\/uploads\/2024\/05\/4-AMES_DP.pdf\">4 \u00c2mes du coyote (Les)<\/a><\/p>\n<h5>A<\/h5>\n<p><a href=\"https:\/\/cinema400coups.fr\/wp-content\/uploads\/2017\/06\/zdc_adama_college.pdf\" target=\"_blank\" rel=\"noopener noreferrer\">Adama<\/a><\/p>\n<p><a href=\"https:\/\/cinema400coups.fr\/wp-content\/uploads\/2020\/02\/ADOLESCENTES.pdf\">Adolescentes<\/a><\/p>\n<p><a href=\"https:\/\/cinema400coups.fr\/wp-content\/uploads\/2019\/03\/A-Thousand-Girls-Like-Me.pdf\">A thousand girls like me<\/a><\/p>\n<p><a href=\"https:\/\/cinema400coups.fr\/wp-content\/uploads\/2019\/02\/DP-Avant-laurore1.pdf\">Avant l&rsquo;aurore<\/a><\/p>\n<h5>B<\/h5>\n<h5>C<\/h5>\n<p><a href=\"https:\/\/cinema400coups.fr\/wp-content\/uploads\/2023\/02\/Dossier-pedagogique-CALAMITY.pdf\">Calamity<\/a><\/p>\n<p><a href=\"https:\/\/cinema400coups.fr\/wp-content\/uploads\/2020\/02\/CAPITAL-AU-XXI\u00e8-SIECLE.pdf\">Capital au XXI\u00e8 siecle<\/a><\/p>\n<p><a href=\"https:\/\/cinema400coups.fr\/wp-content\/uploads\/2017\/02\/Dossier-p\u00e9dagogique-Cagliostro.pdf\">Ch\u00e2teau de Cagliostro (Le)<\/a><\/p>\n<p><a href=\"https:\/\/cinema400coups.fr\/wp-content\/uploads\/2023\/02\/LeCheneDP.pdf\">Ch\u00eane (Le)<\/a><\/p>\n<p><a href=\"https:\/\/cinema400coups.fr\/wp-content\/uploads\/2017\/02\/Dossier-enseignants.pdf\" target=\"_blank\" rel=\"noopener noreferrer\">Chouette entre veille et sommeille (La)<\/a><\/p>\n<p><a href=\"https:\/\/cinema400coups.fr\/wp-content\/uploads\/2022\/04\/CONTES-DU-HASARD_DP_WEB.pdf\">Contes du hasard &amp; autres fantaisies<\/a><\/p>\n<p><a href=\"https:\/\/cinema400coups.fr\/wp-content\/uploads\/2020\/02\/LA-CRAVATE.pdf\">Cravate (La)<\/a><\/p>\n<h5>D<\/h5>\n<p><a href=\"https:\/\/cinema400coups.fr\/wp-content\/uploads\/2019\/11\/D.P.-Demain-est-\u00e0-nous.pdf\">Demain est \u00e0 nous<\/a><\/p>\n<p><a href=\"https:\/\/cinema400coups.fr\/wp-content\/uploads\/2019\/03\/D\u00e9gal-\u00e0-\u00e9gal.pdf\">D&rsquo;\u00e9gal \u00e0 \u00e9gal<\/a><\/p>\n<p><a href=\"https:\/\/cinema400coups.fr\/wp-content\/uploads\/2020\/09\/Dossier-P\u00e9dago.-Des-hommes.pdf\">Des hommes<\/a><\/p>\n<p><a href=\"https:\/\/cinema400coups.fr\/wp-content\/uploads\/2023\/02\/douniaetlaprincessedalep-dp-1.pdf\">Dounia et la princesse d&rsquo;Alep<\/a><\/p>\n<h5>E<\/h5>\n<p><a href=\"https:\/\/cinema400coups.fr\/wp-content\/uploads\/2020\/02\/EMPATHIE.pdf\">Empathie<\/a><\/p>\n<p><a href=\"https:\/\/cinema400coups.fr\/wp-content\/uploads\/2017\/11\/dossier-p\u00e9dagogique-ernest-et-celestine-en-hiver.pdf\">Ernest et C\u00e9lestine en hiver<\/a><\/p>\n<p><a href=\"https:\/\/cinema400coups.fr\/wp-content\/uploads\/2023\/02\/ernestetcelestine-dossierpedagogique.pdf\">Ernest et C\u00e9l\u00e9stine, le voyage en Charabie<\/a><\/p>\n<h5>F<\/h5>\n<p><a href=\"https:\/\/cinema400coups.fr\/wp-content\/uploads\/2020\/02\/FEMMES-D-ARGENTINE.pdf\">Femmes d&rsquo;Argentine<\/a><\/p>\n<p><a href=\"https:\/\/cinema400coups.fr\/wp-content\/uploads\/2017\/06\/Fen\u00eatre-sur-cour-dAlfred-Hitchcock.pdf\" target=\"_blank\" rel=\"noopener noreferrer\">Fen\u00eatre sur cour<\/a><\/p>\n<p><a href=\"https:\/\/cinema400coups.fr\/wp-content\/uploads\/2017\/02\/LES-FIGURES-DE-LOMBRE-DOSSIER-PEDAGOGIQUE.pdf\" target=\"_blank\" rel=\"noopener noreferrer\">Figures de l&rsquo;ombres (Les)<\/a><\/p>\n<p><a href=\"https:\/\/cinema400coups.fr\/wp-content\/uploads\/2017\/02\/dossier_pedagogique_fuocoammare.pdf\" target=\"_blank\" rel=\"noopener noreferrer\">Fuocoammare par del\u00e0 Lampedusa<\/a><\/p>\n<p><a href=\"https:\/\/cinema400coups.fr\/wp-content\/uploads\/2024\/04\/Les-Fees-Sorcieres-dossier.pdf\" target=\"_blank\" rel=\"noopener noreferrer\">Fees sorcieres (LES)<\/a><\/p>\n<h5>G<\/h5>\n<p><a href=\"https:\/\/cinema400coups.fr\/wp-content\/uploads\/2017\/06\/Gente-de-bien-de-Franco-Lolli.pdf\">Gente de bien<\/a><\/p>\n<h5>H<\/h5>\n<h5>I<\/h5>\n<p><a href=\"https:\/\/cinema400coups.fr\/wp-content\/uploads\/2017\/06\/Giovedi-Il-de-Dino-Risi.pdf\" target=\"_blank\" rel=\"noopener noreferrer\">Il Giovedi<\/a><\/p>\n<h5>J<\/h5>\n<p><a href=\"https:\/\/cinema400coups.fr\/wp-content\/uploads\/2019\/03\/Jeune-berg\u00e8re.pdf\">Jeune berg\u00e8re<\/a><\/p>\n<p><a href=\"https:\/\/cinema400coups.fr\/wp-content\/uploads\/2017\/02\/La-jeune-fille-et-son-aigle.pdf\">Jeune fille et son aigle (La)<\/a><\/p>\n<p><a href=\"https:\/\/cinema400coups.fr\/wp-content\/uploads\/2020\/09\/D.P.-JOSEP.pdf\">Josep<\/a><\/p>\n<p><a href=\"https:\/\/cinema400coups.fr\/wp-content\/uploads\/2019\/03\/JVeux-du-Soleil-Fiche.pdf\">J&rsquo;veux du soleil<\/a><\/p>\n<h5>K<\/h5>\n<p><a href=\"https:\/\/cinema400coups.fr\/wp-content\/uploads\/2023\/02\/kerity-la-maison-des-contes-dossier-presse.pdf\">Kerity, la maison des contes<\/a><\/p>\n<h5>L<\/h5>\n<p><strong><a href=\"https:\/\/cinema400coups.fr\/wp-content\/uploads\/2024\/01\/G0002763_kit_pedago_leo_print_kmbo-2.pdf\">L\u00e9o, la fabuleuse histoire de L\u00e9onard de Vinci<\/a><\/strong><\/p>\n<p><a href=\"https:\/\/cinema400coups.fr\/wp-content\/uploads\/2017\/02\/Dossier-P\u00e9dagogique-LUMIERE-.pdf\" target=\"_blank\" rel=\"noopener noreferrer\">Lumi\u00e8re! L&rsquo;aventure commence<\/a><\/p>\n<h5>M<\/h5>\n<p><a href=\"https:\/\/cinema400coups.fr\/wp-content\/uploads\/2023\/02\/dossier-pedagogique_ma-vache-et-moi_page-par-page-1.pdf\">Ma vache et moi<\/a><\/p>\n<p><a href=\"https:\/\/cinema400coups.fr\/wp-content\/uploads\/2017\/02\/Ma-vie-de-Courgette.pdf\" target=\"_blank\" rel=\"noopener noreferrer\">Ma vie de courgette<\/a><\/p>\n<p><a href=\"https:\/\/cinema400coups.fr\/wp-content\/uploads\/2020\/02\/Marche-avec-les-loups.pdf\">Marche avec les loups<\/a><\/p>\n<p><a href=\"https:\/\/cinema400coups.fr\/wp-content\/uploads\/2017\/11\/Le-Mus\u00e9e-des-merveilles-dossier-p\u00e9dagogique.pdf\">Mus\u00e9e des merveilles (le)<\/a><\/p>\n<p><a href=\"https:\/\/cinema400coups.fr\/wp-content\/uploads\/2024\/04\/Mon-ami-Robot.pdf\" target=\"_blank\" rel=\"noopener noreferrer\">Mon ami robot<\/a><\/p>\n<h5>N<\/h5>\n<p><a href=\"https:\/\/cinema400coups.fr\/wp-content\/uploads\/2017\/02\/neruda_dossier_pedagogique.pdf\" target=\"_blank\" rel=\"noopener noreferrer\">Neruda<\/a><\/p>\n<p><a href=\"https:\/\/cinema400coups.fr\/wp-content\/uploads\/2017\/02\/PatMat.pdf\" target=\"_blank\" rel=\"noopener noreferrer\">Nouvelles aventure de Pat et Mat (les)<\/a><\/p>\n<p><a href=\"https:\/\/cinema400coups.fr\/wp-content\/uploads\/2024\/04\/Dossier-_non_non_dans_l_espace.pdf\" target=\"_blank\" rel=\"noopener noreferrer\">Non non dans l&rsquo;espace<\/a><\/p>\n<h5>O<\/h5>\n<h5>P<\/h5>\n<p><a href=\"https:\/\/cinema400coups.fr\/wp-content\/uploads\/2020\/07\/PA\u00cf-L\u00e9lue-dun-peuple-nouveau.pdf\">PA\u00cf l&rsquo;\u00e9lue d&rsquo;un peuple nouveau<\/a><\/p>\n<p><a href=\"https:\/\/cinema400coups.fr\/wp-content\/uploads\/2020\/02\/Paroles-de-bandits.pdf\">Paroles-de-bandits<\/a><\/p>\n<p><a href=\"https:\/\/cinema400coups.fr\/wp-content\/uploads\/2020\/02\/Petit-pays-D.P..pdf\">Petit pays<\/a><\/p>\n<p><a href=\"https:\/\/cinema400coups.fr\/wp-content\/uploads\/2017\/06\/PHANTOMBOY_Documentpedagogique.pdf\" target=\"_blank\" rel=\"noopener noreferrer\">Phantom Boy<\/a><\/p>\n<p><strong><a href=\"https:\/\/cinema400coups.fr\/wp-content\/uploads\/2024\/05\/piano-magique-DocPeda.pdf\">Piano magique (Le)<\/a><\/strong><\/p>\n<p><a href=\"https:\/\/cinema400coups.fr\/wp-content\/uploads\/2019\/11\/D.-P.-PremiersPasdanslafor\u00eat.pdf\">Premiers pas dans la for\u00eat<\/a><\/p>\n<h5>Q<\/h5>\n<h5>R<\/h5>\n<p><a href=\"https:\/\/cinema400coups.fr\/wp-content\/uploads\/2017\/11\/Dossier-pedagogique-RARA-DEF.pdf\">Rara<\/a><\/p>\n<p><strong><a href=\"https:\/\/cinema400coups.fr\/wp-content\/uploads\/2024\/01\/leroyaumedekensuke-dossierpeda-vdef.pdf\">Royaume de Kensuke (Le)<\/a><\/strong><\/p>\n<p><a href=\"https:\/\/cinema400coups.fr\/wp-content\/uploads\/2017\/06\/Rumba-de-Dominique-Abel-Fiona-Gordon-et-Bruno-Romy.pdf\" target=\"_blank\" rel=\"noopener noreferrer\">Rumba<\/a><\/p>\n<h5>S<\/h5>\n<p><a href=\"https:\/\/cinema400coups.fr\/wp-content\/uploads\/2019\/03\/SEULE-A-MON-MARIAGE.pdf\">Seule \u00e0 mon mariage<\/a><\/p>\n<p><a href=\"https:\/\/cinema400coups.fr\/wp-content\/uploads\/2024\/01\/DOSSIER-PEDAGOGIQUE-HIBERNER.pdf\">Si seulement je pouvais hiberner<\/a><\/p>\n<p><a href=\"https:\/\/cinema400coups.fr\/wp-content\/uploads\/2019\/04\/Silence-des-autres-Le.pdf\">Silence des autres (Le)<\/a><\/p>\n<p><strong><a href=\"https:\/\/cinema400coups.fr\/wp-content\/uploads\/2024\/05\/sirocco-dossierpedagogique-vdef.pdf\">Sirocco et le royaume des courants d&rsquo;air<\/a><\/strong><\/p>\n<p><a href=\"https:\/\/cinema400coups.fr\/wp-content\/uploads\/2017\/02\/La-sociale.pdf\" target=\"_blank\" rel=\"noopener noreferrer\">Sociale (La)<\/a><\/p>\n<p><a href=\"https:\/\/cinema400coups.fr\/wp-content\/uploads\/2024\/02\/Stella-dossierpedagogique.pdf\">Stella, une vie allemande<\/a><\/p>\n<p><a href=\"https:\/\/cinema400coups.fr\/wp-content\/uploads\/2019\/02\/Strada_DossierPedagogique.pdf\">Strada<\/a><\/p>\n<p><strong><a href=\"https:\/\/cinema400coups.fr\/wp-content\/uploads\/2024\/04\/DP-The-Strong-Man.pdf\">Strong man (the) [L&rsquo;Athl\u00e8te complet]<\/a><\/strong><\/p>\n<p><strong><a href=\"https:\/\/cinema400coups.fr\/wp-content\/uploads\/2024\/04\/DP_SUPER-LION.pdf\">SuperLion<\/a><\/strong><\/p>\n<h5>T<\/h5>\n<p><a href=\"https:\/\/cinema400coups.fr\/wp-content\/uploads\/2023\/10\/TIRAILLEURS_DOSSIER_PEDAGOGIQUE_DEF.pdf\">Tirailleur<\/a><\/p>\n<h5>U<\/h5>\n<p><a href=\"https:\/\/cinema400coups.fr\/wp-content\/uploads\/2017\/02\/Dossier-Une-intime-conviction.pdf\">Une intime conviction<\/a><\/p>\n<p><a href=\"https:\/\/cinema400coups.fr\/wp-content\/uploads\/2019\/11\/Dossier-Une-Vie-Cache\u0301e.pdf\">Une vie cache\u0301e<\/a><\/p>\n<p><a href=\"https:\/\/cinema400coups.fr\/wp-content\/uploads\/2020\/09\/Dossier-p\u00e9dago.-Un-peuple-et-son-roi.pdf\">Un peuple et son roi<\/a><\/p>\n<p><a href=\"https:\/\/cinema400coups.fr\/wp-content\/uploads\/2022\/08\/uhaddpfrld.pdf\" target=\"_blank\" rel=\"noopener noreferrer\">Une histoire d&rsquo;amour et de desir<\/a><\/p>\n<h5>V<\/h5>\n<p><a href=\"https:\/\/cinema400coups.fr\/wp-content\/uploads\/2019\/03\/vent-de-la-liberte-Le.pdf\">Vent de la liberte (Le)<\/a><\/p>\n<p><a href=\"https:\/\/cinema400coups.fr\/wp-content\/uploads\/2020\/02\/VITIS-PROHIBITA.pdf\">Vitis Prohibita<\/a><\/p>\n<h5>W<\/h5>\n<p><a href=\"https:\/\/cinema400coups.fr\/wp-content\/uploads\/2017\/02\/Wallace-et-Gromit.pdf\" target=\"_blank\" rel=\"noopener noreferrer\">Wallace et Gromit les inventuriers<\/a><\/p>\n<p><a href=\"https:\/\/cinema400coups.fr\/wp-content\/uploads\/2019\/03\/Wardi.pdf\">Wardi<\/a><\/p>\n<h5>X<\/h5>\n<h5>Y<\/h5>\n<h5>Z<\/h5>\n","protected":false},"excerpt":{"rendered":"<p>4 \u00c2mes du coyote (Les) A Adama Adolescentes A thousand girls like me Avant l&rsquo;aurore B C Calamity Capital au XXI\u00e8 siecle Ch\u00e2teau de Cagliostro (Le) Ch\u00eane (Le) Chouette entre veille et sommeille (La) Contes du hasard &amp; autres fantaisies &hellip; <a href=\"https:\/\/cinema400coups.fr\/?page_id=1738\">Lire la suite\u00ad\u00ad<\/a><\/p>\n","protected":false},"author":1,"featured_media":0,"parent":0,"menu_order":0,"comment_status":"closed","ping_status":"closed","template":"","meta":{"footnotes":""},"class_list":["post-1738","page","type-page","status-publish","hentry"],"_links":{"self":[{"href":"https:\/\/cinema400coups.fr\/index.php?rest_route=\/wp\/v2\/pages\/1738","targetHints":{"allow":["GET"]}}],"collection":[{"href":"https:\/\/cinema400coups.fr\/index.php?rest_route=\/wp\/v2\/pages"}],"about":[{"href":"https:\/\/cinema400coups.fr\/index.php?rest_route=\/wp\/v2\/types\/page"}],"author":[{"embeddable":true,"href":"https:\/\/cinema400coups.fr\/index.php?rest_route=\/wp\/v2\/users\/1"}],"replies":[{"embeddable":true,"href":"https:\/\/cinema400coups.fr\/index.php?rest_route=%2Fwp%2Fv2%2Fcomments&post=1738"}],"version-history":[{"count":65,"href":"https:\/\/cinema400coups.fr\/index.php?rest_route=\/wp\/v2\/pages\/1738\/revisions"}],"predecessor-version":[{"id":12264,"href":"https:\/\/cinema400coups.fr\/index.php?rest_route=\/wp\/v2\/pages\/1738\/revisions\/12264"}],"wp:attachment":[{"href":"https:\/\/cinema400coups.fr\/index.php?rest_route=%2Fwp%2Fv2%2Fmedia&parent=1738"}],"curies":[{"name":"wp","href":"https:\/\/api.w.org\/{rel}","templated":true}]}}