{"id":10056,"date":"2023-09-30T15:31:03","date_gmt":"2023-09-30T14:31:03","guid":{"rendered":"http:\/\/cinema400coups.fr\/?page_id=10056"},"modified":"2023-10-03T16:06:16","modified_gmt":"2023-10-03T15:06:16","slug":"lyceens-au-cinema","status":"publish","type":"page","link":"https:\/\/cinema400coups.fr\/?page_id=10056","title":{"rendered":"Lyc\u00e9ens au Cin\u00e9ma"},"content":{"rendered":"<p>Un site internet d\u00e9di\u00e9 au dispositif en Auvergne-Rh\u00f4ne-Alpes propose, pour chacun des films de la s\u00e9lection,&nbsp;<strong>un ensemble de supports p\u00e9dagogiques destin\u00e9s aux enseignants et aux \u00e9l\u00e8ves<\/strong>.<\/p>\n<p>Autant d\u2019\u00e9clairages pr\u00e9cieux pour le travail dans la salle de cin\u00e9ma, en classe, avant ou apr\u00e8s les projections&nbsp;!<\/p>\n<p><strong>Retrouvez les documents sur les pages d\u00e9di\u00e9es aux films sur le site :<\/strong> <a href=\"https:\/\/laac-auvergnerhonealpes.org\/\">https:\/\/laac-auvergnerhonealpes.org\/<\/a><\/p>\n<p style=\"text-align: center;\">__________________________________________________________________________<\/p>\n<p style=\"text-align: center;\"><strong>Liste des films disponibles pour la saison 2023\/2024 :<\/strong><\/p>\n\n\n<div class=\"wp-block-columns alignwide has-2-columns is-layout-flex wp-container-core-columns-is-layout-9d6595d7 wp-block-columns-is-layout-flex\">\n<div class=\"wp-block-column is-layout-flow wp-block-column-is-layout-flow\">\n<div class=\"wp-block-image\"><figure class=\"aligncenter is-resized\"><img loading=\"lazy\" decoding=\"async\" src=\"https:\/\/cinema400coups.fr\/wp-content\/uploads\/2023\/09\/cl\u00e9o.jpg\" alt=\"\" class=\"wp-image-10063\" width=\"154\" height=\"231\"\/><figcaption><strong><em>Cl\u00e9o de 5 \u00e0 7 <\/em><\/strong><br>d\u2019Agn\u00e8s Varda <br>1h31 \/ Italie, France \/ 1962 <\/figcaption><\/figure><\/div>\n\n\n\n<div class=\"wp-block-image\"><figure class=\"aligncenter is-resized\"><img loading=\"lazy\" decoding=\"async\" src=\"https:\/\/cinema400coups.fr\/wp-content\/uploads\/2023\/09\/nostalgie.jpg\" alt=\"\" class=\"wp-image-10058\" width=\"176\" height=\"234\"\/><figcaption><strong><em>Nostalgie de la lumi\u00e8re<\/em><\/strong><br>de Patricio Guzm\u00e1n<br>1h30 \/ France, Chili \/ 2010 <\/figcaption><\/figure><\/div>\n\n\n\n<div class=\"wp-block-image\"><figure class=\"aligncenter is-resized\"><img loading=\"lazy\" decoding=\"async\" src=\"https:\/\/cinema400coups.fr\/wp-content\/uploads\/2023\/09\/lalaland-768x1024.jpg\" alt=\"\" class=\"wp-image-10062\" width=\"199\" height=\"265\"\/><figcaption><strong><em>LA LA LAND<\/em><\/strong><br>de Damien Chazelle<br>2h08 \/ U.S.A \/ 2017 <\/figcaption><\/figure><\/div>\n\n\n\n<div class=\"wp-block-image\"><figure class=\"aligncenter is-resized\"><img loading=\"lazy\" decoding=\"async\" src=\"https:\/\/cinema400coups.fr\/wp-content\/uploads\/2023\/09\/sommet-754x1024.jpg\" alt=\"\" class=\"wp-image-10057\" width=\"188\" height=\"255\"\/><figcaption><em><strong>Le sommet des Dieux<\/strong><\/em><br>de Patrick Imbert<br>1h35 \/ France \u2013 Luxembourg \/ 2021 <\/figcaption><\/figure><\/div>\n<\/div>\n\n\n\n<div class=\"wp-block-column is-layout-flow wp-block-column-is-layout-flow\">\n<div class=\"wp-block-image\"><figure class=\"aligncenter is-resized\"><img loading=\"lazy\" decoding=\"async\" src=\"https:\/\/cinema400coups.fr\/wp-content\/uploads\/2023\/09\/donnidarko-769x1024.jpg\" alt=\"\" class=\"wp-image-10061\" width=\"172\" height=\"228\"\/><figcaption><strong><em>Donnie Darko<\/em><\/strong><br>de Richard Kelly<br>1h53 \/ U.S.A \/ 2002 <\/figcaption><\/figure><\/div>\n\n\n\n<div class=\"wp-block-image\"><figure class=\"aligncenter is-resized\"><img loading=\"lazy\" decoding=\"async\" src=\"https:\/\/cinema400coups.fr\/wp-content\/uploads\/2023\/09\/3312868.jpg-r_1920_1080-f_jpg-q_x-xxyxx-724x1024.jpg\" alt=\"\" class=\"wp-image-10060\" width=\"189\" height=\"266\"\/><figcaption><strong><em>Les lumi\u00e8res de la ville<\/em><\/strong><br>de Charlie Chaplin&nbsp; &nbsp; &nbsp; <br>1h27&nbsp;\/ U.S.A \/ 1931 <\/figcaption><\/figure><\/div>\n\n\n\n<div class=\"wp-block-image\"><figure class=\"aligncenter is-resized\"><img loading=\"lazy\" decoding=\"async\" src=\"https:\/\/cinema400coups.fr\/wp-content\/uploads\/2023\/09\/21003660_20131108102404011.jpg-r_1920_1080-f_jpg-q_x-xxyxx-769x1024.jpg\" alt=\"\" class=\"wp-image-10059\" width=\"195\" height=\"259\"\/><figcaption><em><strong>Tel p\u00e8re, tel fils<\/strong><\/em><br>de Hirokazu Kore-Eda<br>2h01 \/ Japon \/ 2013 <\/figcaption><\/figure><\/div>\n\n\n\n<div class=\"wp-block-image\"><figure class=\"aligncenter is-resized\"><img loading=\"lazy\" decoding=\"async\" src=\"https:\/\/cinema400coups.fr\/wp-content\/uploads\/2022\/06\/la-nuit-du-121-768x1024.jpg\" alt=\"\" class=\"wp-image-7636\" width=\"206\" height=\"274\"\/><figcaption><strong><em>La nuit du 12<\/em><\/strong><br>de Dominik Moll<br>1h54 \/ France \/ 2022 <\/figcaption><\/figure><\/div>\n<\/div>\n<\/div>\n\n\n\n<p><em>Plus d&rsquo;informations prochainement&#8230;<\/em><\/p>\n","protected":false},"excerpt":{"rendered":"<p>Un site internet d\u00e9di\u00e9 au dispositif en Auvergne-Rh\u00f4ne-Alpes propose, pour chacun des films de la s\u00e9lection,&nbsp;un ensemble de supports p\u00e9dagogiques destin\u00e9s aux enseignants et aux \u00e9l\u00e8ves. Autant d\u2019\u00e9clairages pr\u00e9cieux pour le travail dans la salle de cin\u00e9ma, en classe, avant &hellip; <a href=\"https:\/\/cinema400coups.fr\/?page_id=10056\">Lire la suite\u00ad\u00ad<\/a><\/p>\n","protected":false},"author":1,"featured_media":0,"parent":0,"menu_order":0,"comment_status":"closed","ping_status":"closed","template":"","meta":{"footnotes":""},"class_list":["post-10056","page","type-page","status-publish","hentry"],"_links":{"self":[{"href":"https:\/\/cinema400coups.fr\/index.php?rest_route=\/wp\/v2\/pages\/10056","targetHints":{"allow":["GET"]}}],"collection":[{"href":"https:\/\/cinema400coups.fr\/index.php?rest_route=\/wp\/v2\/pages"}],"about":[{"href":"https:\/\/cinema400coups.fr\/index.php?rest_route=\/wp\/v2\/types\/page"}],"author":[{"embeddable":true,"href":"https:\/\/cinema400coups.fr\/index.php?rest_route=\/wp\/v2\/users\/1"}],"replies":[{"embeddable":true,"href":"https:\/\/cinema400coups.fr\/index.php?rest_route=%2Fwp%2Fv2%2Fcomments&post=10056"}],"version-history":[{"count":6,"href":"https:\/\/cinema400coups.fr\/index.php?rest_route=\/wp\/v2\/pages\/10056\/revisions"}],"predecessor-version":[{"id":10127,"href":"https:\/\/cinema400coups.fr\/index.php?rest_route=\/wp\/v2\/pages\/10056\/revisions\/10127"}],"wp:attachment":[{"href":"https:\/\/cinema400coups.fr\/index.php?rest_route=%2Fwp%2Fv2%2Fmedia&parent=10056"}],"curies":[{"name":"wp","href":"https:\/\/api.w.org\/{rel}","templated":true}]}}